{"id":10144,"date":"2022-09-26T15:23:32","date_gmt":"2022-09-26T13:23:32","guid":{"rendered":"https:\/\/www.agrarinfo.ch\/?page_id=10144"},"modified":"2023-11-21T19:52:06","modified_gmt":"2023-11-21T18:52:06","slug":"verein","status":"publish","type":"page","link":"https:\/\/www.agrarinfo.ch\/de\/wir\/verein\/","title":{"rendered":"Verein"},"content":{"rendered":"<!--themify_builder_content-->\n<div id=\"themify_builder_content-10144\" data-postid=\"10144\" class=\"themify_builder_content themify_builder_content-10144 themify_builder tf_clear\">\n    \t\t\t\t<!-- module_row -->\n\t\t<div  data-lazy=\"1\" class=\"module_row themify_builder_row tb_yacx161 tb_first tf_w tf_clearfix\">\n\t\t<div class=\"builder_row_cover tf_abs\"><\/div>\t\t\t<div class=\"row_inner col_align_top tb_col_count_1 tf_box tf_rel\">\n\t\t\t\t\t<div  data-lazy=\"1\" class=\"module_column tb-column col-full tb_ijvh165 first\">\n\t\t\t\t\t\t\t\t\t<div class=\"tb-column-inner tf_box tf_w\">\n\t\t\t\t<!-- module fancy heading -->\n<div  class=\"module module-fancy-heading tb_xfj8167  tb_hide_divider\" data-lazy=\"1\">\n\t    <h1 class=\"fancy-heading tf_textl\">\n    <span class=\"main-head tf_block\">\n\t\t\t\t\tVerein\t\t    <\/span>\n\n\t\n    <span class=\"sub-head tf_block tf_rel\">\n\t\t\t\t\t\t\t    <\/span>\n    <\/h1>\n<\/div>\n<!-- \/module fancy heading -->\n\t\t\t\t<\/div><!-- .tb-column-inner -->\n\t\t\t\t\t\t<\/div><!-- .module_column -->\n\t\t\t\t\t\t<\/div><!-- .row_inner -->\n\t\t<\/div><!-- .module_row -->\n\t\t\t\t\t\t\t\t<!-- module_row -->\n\t\t<div  id=\"TOC\" data-lazy=\"1\" class=\"module_row themify_builder_row tb_5v5o581 tf_w tf_clearfix\">\n\t\t\t\t\t<div class=\"row_inner col_align_top tb_col_count_1 tf_box tf_rel\">\n\t\t\t\t\t<div  data-lazy=\"1\" class=\"module_column tb-column col-full tb_ygdc583 first\">\n\t\t\t\t\t\t\t\t\t<div class=\"tb-column-inner tf_box tf_w\">\n\t\t\t\t<!-- module text -->\n<div  class=\"module module-text tb_qtwe9   \" data-lazy=\"1\">\n        <div  class=\"tb_text_wrap\">\n    <p>agrarinfo.ch reflektiert auf der gleichnamigen Website einem Prisma gleich Information aus allen Richtungen und m\u00f6glichst in ih\u00adrer ganzen Bandbreite, damit sich die LeserInnen eine eigene Meinung bil\u00adden, auf sachlicher Ebene diskutieren und Entscheide, die ihre Le\u00adbensqualit\u00e4t direkt und unmittelbar beeinflussen, ganzheitlich f\u00e4l\u00adlen k\u00f6nnen.<\/p>\n<p>agrarinfo.ch beteiligt sich an Projekten, Netzwerken und Veranstaltungen, die dem Vereins\u00adzweck dienen.<\/p>\n<p>Politisch und konfessionell neutral, ist agrarinfo.ch keiner bestimmten Perspektive und keiner Interessengruppe verpflichtet und von gemeinn\u00fctzi\u00adgem Charakter. Der Verein verfolgt weder Erwerbs- noch Selbst\u00ad\u00adhilfezwecke.<\/p>    <\/div>\n<\/div>\n<!-- \/module text -->\t\t\t\t<\/div><!-- .tb-column-inner -->\n\t\t\t\t\t\t<\/div><!-- .module_column -->\n\t\t\t\t\t\t<\/div><!-- .row_inner -->\n\t\t<\/div><!-- .module_row -->\n\t\t\t\t\t\t\t\t<!-- module_row -->\n\t\t<div  data-lazy=\"1\" class=\"module_row themify_builder_row tb_nfr5787 tf_w tf_clearfix\">\n\t\t\t\t\t<div class=\"row_inner col_align_top tb_col_count_1 tf_box tf_rel\">\n\t\t\t\t\t<div  data-lazy=\"1\" class=\"module_column tb-column col-full tb_llcg789 first\">\n\t\t\t\t\t\t\t\t\t<div class=\"tb-column-inner tf_box tf_w\">\n\t\t\t\t<!-- module text -->\n<div  class=\"module module-text tb_q022480   \" data-lazy=\"1\">\n    <h3 class=\"module-title\">SPENDEN<\/h3>    <div  class=\"tb_text_wrap\">\n    <p>agrarinfo.ch wird zu einem grossen Teil \u00fcber Spenden finanziert. Da wir von den Steuerbeh\u00f6rden als gemeinn\u00fctziger Verein anerkannt sind, k\u00f6nnen Sie Ihre Spenden an agrarinfo.ch in der\u00a0<a href=\"https:\/\/www.ch.ch\/de\/spende-abziehen\/\">Steuererkl\u00e4rung in Abzug bringen<\/a>.<\/p>\n<p>Unsere Postfinance-Verbindung:<br \/>agrarinfo.ch, 1298 C\u00e9ligny<br \/>IBAN: CH02 0900 0000 8996 1865 6<br \/>Zahlungszweck: Spende<\/p>\n<p>Spendenbescheinigungen werden einmal j\u00e4hrlich (Ende Januar-Anfang Februar) per Post verschickt.<\/p>    <\/div>\n<\/div>\n<!-- \/module text -->\t\t\t\t<\/div><!-- .tb-column-inner -->\n\t\t\t\t\t\t<\/div><!-- .module_column -->\n\t\t\t\t\t\t<\/div><!-- .row_inner -->\n\t\t<\/div><!-- .module_row -->\n\t\t\t\t\t\t\t\t<!-- module_row -->\n\t\t<div  data-lazy=\"1\" class=\"module_row themify_builder_row tb_xj9q603 tf_w tf_clearfix\">\n\t\t\t\t\t<div class=\"row_inner col_align_top tb_col_count_1 tf_box tf_rel\">\n\t\t\t\t\t<div  data-lazy=\"1\" class=\"module_column tb-column col-full tb_yma9607 first\">\n\t\t\t\t\t\t\t\t\t<div class=\"tb-column-inner tf_box tf_w\">\n\t\t\t\t<!-- module text -->\n<div  class=\"module module-text tb_kume628   \" data-lazy=\"1\">\n    <h3 class=\"module-title\">VORSTAND<\/h3>    <div  class=\"tb_text_wrap\">\n    <p>Binswanger Mathias,\u00a0<a title=\"http:\/\/www.mathias-binswanger.ch\" href=\"http:\/\/www.mathias-binswanger.ch\/\" target=\"_blank\" rel=\"noopener noreferrer\">(www)<\/a>,<br \/>H\u00fcrlimann Christine, C\u00e9ligny<br \/>Minkner Ulrike,\u00a0<a href=\"https:\/\/www.lasouriche.ch\/\" target=\"_blank\" rel=\"noopener noreferrer\">Mont-Soleil<\/a><\/p>    <\/div>\n<\/div>\n<!-- \/module text -->\t\t\t\t<\/div><!-- .tb-column-inner -->\n\t\t\t\t\t\t<\/div><!-- .module_column -->\n\t\t\t\t\t\t<\/div><!-- .row_inner -->\n\t\t<\/div><!-- .module_row -->\n\t\t\t\t\t\t\t\t<!-- module_row -->\n\t\t<div  data-lazy=\"1\" class=\"module_row themify_builder_row tb_v9ky454 tf_w tf_clearfix\">\n\t\t\t\t\t<div class=\"row_inner col_align_top tb_col_count_1 tf_box tf_rel\">\n\t\t\t\t\t<div  data-lazy=\"1\" class=\"module_column tb-column col-full tb_r6d6456 first\">\n\t\t\t\t\t\t\t\t\t<div class=\"tb-column-inner tf_box tf_w\">\n\t\t\t\t<!-- module text -->\n<div  class=\"module module-text tb_fbq2799   \" data-lazy=\"1\">\n    <h3 class=\"module-title\">STATUTEN<\/h3>    <div  class=\"tb_text_wrap\">\n    <p><a href=\"https:\/\/www.agrarinfo.ch\/wp-content\/uploads\/sites\/2\/2022\/09\/agrarinfo_statuten22_unbeglaubigte_uebersetzung.pdf\" class=\"mtli_attachment mtli_pdf\"><em>\u00a0 \u00a0<\/em><\/a><\/p>    <\/div>\n<\/div>\n<!-- \/module text -->\t\t\t\t<\/div><!-- .tb-column-inner -->\n\t\t\t\t\t\t<\/div><!-- .module_column -->\n\t\t\t\t\t\t<\/div><!-- .row_inner -->\n\t\t<\/div><!-- .module_row -->\n\t\t\t\t<\/div>\n<!--\/themify_builder_content-->","protected":false},"excerpt":{"rendered":"<p>Verein agrarinfo.ch reflektiert auf der gleichnamigen Website einem Prisma gleich Information aus allen Richtungen und m\u00f6glichst in ih\u00adrer ganzen Bandbreite, damit sich die LeserInnen eine eigene Meinung bil\u00adden, auf sachlicher Ebene diskutieren und Entscheide, die ihre Le\u00adbensqualit\u00e4t direkt und unmittelbar beeinflussen, ganzheitlich f\u00e4l\u00adlen k\u00f6nnen. agrarinfo.ch beteiligt sich an Projekten, Netzwerken und Veranstaltungen, die dem Vereins\u00adzweck [&hellip;]<\/p>\n","protected":false},"author":3,"featured_media":0,"parent":10121,"menu_order":0,"comment_status":"closed","ping_status":"closed","template":"","meta":{"footnotes":""},"class_list":["post-10144","page","type-page","status-publish","hentry","has-post-title","has-post-date","has-post-category","has-post-tag","has-post-comment","has-post-author",""],"yoast_head":"<!-- This site is optimized with the Yoast SEO plugin v23.8 - https:\/\/yoast.com\/wordpress\/plugins\/seo\/ -->\n<title>Verein - Agrarinfo<\/title>\n<meta name=\"robots\" content=\"index, follow, max-snippet:-1, max-image-preview:large, max-video-preview:-1\" \/>\n<link rel=\"canonical\" href=\"https:\/\/www.agrarinfo.ch\/de\/wir\/verein\/\" \/>\n<meta property=\"og:locale\" content=\"de_DE\" \/>\n<meta property=\"og:type\" content=\"article\" \/>\n<meta property=\"og:title\" content=\"Verein - Agrarinfo\" \/>\n<meta property=\"og:description\" content=\"Verein agrarinfo.ch reflektiert auf der gleichnamigen Website einem Prisma gleich Information aus allen Richtungen und m\u00f6glichst in ih\u00adrer ganzen Bandbreite, damit sich die LeserInnen eine eigene Meinung bil\u00adden, auf sachlicher Ebene diskutieren und Entscheide, die ihre Le\u00adbensqualit\u00e4t direkt und unmittelbar beeinflussen, ganzheitlich f\u00e4l\u00adlen k\u00f6nnen. agrarinfo.ch beteiligt sich an Projekten, Netzwerken und Veranstaltungen, die dem Vereins\u00adzweck [&hellip;]\" \/>\n<meta property=\"og:url\" content=\"https:\/\/www.agrarinfo.ch\/de\/wir\/verein\/\" \/>\n<meta property=\"og:site_name\" content=\"Agrarinfo\" \/>\n<meta property=\"article:publisher\" content=\"https:\/\/www.facebook.com\/agrarinfo.ch\" \/>\n<meta property=\"article:modified_time\" content=\"2023-11-21T18:52:06+00:00\" \/>\n<meta property=\"og:image\" content=\"https:\/\/www.agrarinfo.ch\/wp-content\/uploads\/sites\/2\/2021\/12\/headerAgrarInfo_665-1.jpg\" \/>\n\t<meta property=\"og:image:width\" content=\"665\" \/>\n\t<meta property=\"og:image:height\" content=\"220\" \/>\n\t<meta property=\"og:image:type\" content=\"image\/jpeg\" \/>\n<meta name=\"twitter:card\" content=\"summary_large_image\" \/>\n<meta name=\"twitter:site\" content=\"@agrar_info\" \/>\n<meta name=\"twitter:label1\" content=\"Gesch\u00e4tzte Lesezeit\" \/>\n\t<meta name=\"twitter:data1\" content=\"1\u00a0Minute\" \/>\n<script type=\"application\/ld+json\" class=\"yoast-schema-graph\">{\"@context\":\"https:\/\/schema.org\",\"@graph\":[{\"@type\":\"Article\",\"@id\":\"https:\/\/www.agrarinfo.ch\/de\/wir\/verein\/#article\",\"isPartOf\":{\"@id\":\"https:\/\/www.agrarinfo.ch\/de\/wir\/verein\/\"},\"author\":{\"name\":\"Christine H\u00fcrlimann\",\"@id\":\"https:\/\/www.agrarinfo.ch\/de\/#\/schema\/person\/2559e6dbf037cb724f8654013d054440\"},\"headline\":\"Verein\",\"datePublished\":\"2022-09-26T13:23:32+00:00\",\"dateModified\":\"2023-11-21T18:52:06+00:00\",\"mainEntityOfPage\":{\"@id\":\"https:\/\/www.agrarinfo.ch\/de\/wir\/verein\/\"},\"wordCount\":169,\"publisher\":{\"@id\":\"https:\/\/www.agrarinfo.ch\/de\/#organization\"},\"inLanguage\":\"de\"},{\"@type\":\"WebPage\",\"@id\":\"https:\/\/www.agrarinfo.ch\/de\/wir\/verein\/\",\"url\":\"https:\/\/www.agrarinfo.ch\/de\/wir\/verein\/\",\"name\":\"Verein - Agrarinfo\",\"isPartOf\":{\"@id\":\"https:\/\/www.agrarinfo.ch\/de\/#website\"},\"datePublished\":\"2022-09-26T13:23:32+00:00\",\"dateModified\":\"2023-11-21T18:52:06+00:00\",\"breadcrumb\":{\"@id\":\"https:\/\/www.agrarinfo.ch\/de\/wir\/verein\/#breadcrumb\"},\"inLanguage\":\"de\",\"potentialAction\":[{\"@type\":\"ReadAction\",\"target\":[\"https:\/\/www.agrarinfo.ch\/de\/wir\/verein\/\"]}]},{\"@type\":\"BreadcrumbList\",\"@id\":\"https:\/\/www.agrarinfo.ch\/de\/wir\/verein\/#breadcrumb\",\"itemListElement\":[{\"@type\":\"ListItem\",\"position\":1,\"name\":\"Accueil\",\"item\":\"https:\/\/www.agrarinfo.ch\/de\/\"},{\"@type\":\"ListItem\",\"position\":2,\"name\":\"Wir\",\"item\":\"https:\/\/www.agrarinfo.ch\/de\/wir\/\"},{\"@type\":\"ListItem\",\"position\":3,\"name\":\"Verein\"}]},{\"@type\":\"WebSite\",\"@id\":\"https:\/\/www.agrarinfo.ch\/de\/#website\",\"url\":\"https:\/\/www.agrarinfo.ch\/de\/\",\"name\":\"Agrarinfo\",\"description\":\"Just another bienvu.ch site\",\"publisher\":{\"@id\":\"https:\/\/www.agrarinfo.ch\/de\/#organization\"},\"potentialAction\":[{\"@type\":\"SearchAction\",\"target\":{\"@type\":\"EntryPoint\",\"urlTemplate\":\"https:\/\/www.agrarinfo.ch\/de\/?s={search_term_string}\"},\"query-input\":{\"@type\":\"PropertyValueSpecification\",\"valueRequired\":true,\"valueName\":\"search_term_string\"}}],\"inLanguage\":\"de\"},{\"@type\":\"Organization\",\"@id\":\"https:\/\/www.agrarinfo.ch\/de\/#organization\",\"name\":\"agrarinfo.ch\",\"alternateName\":\"agrarinfo.ch\",\"url\":\"https:\/\/www.agrarinfo.ch\/de\/\",\"logo\":{\"@type\":\"ImageObject\",\"inLanguage\":\"de\",\"@id\":\"https:\/\/www.agrarinfo.ch\/de\/#\/schema\/logo\/image\/\",\"url\":\"https:\/\/www.agrarinfo.ch\/wp-content\/uploads\/sites\/2\/2024\/03\/agrarinfo_A_quadrat.jpg\",\"contentUrl\":\"https:\/\/www.agrarinfo.ch\/wp-content\/uploads\/sites\/2\/2024\/03\/agrarinfo_A_quadrat.jpg\",\"width\":1107,\"height\":1105,\"caption\":\"agrarinfo.ch\"},\"image\":{\"@id\":\"https:\/\/www.agrarinfo.ch\/de\/#\/schema\/logo\/image\/\"},\"sameAs\":[\"https:\/\/www.facebook.com\/agrarinfo.ch\",\"https:\/\/x.com\/agrar_info\",\"https:\/\/www.instagram.com\/agrarinfo.ch\/\",\"https:\/\/www.linkedin.com\/in\/agrarinfo-ch-8894342a0\/\"]},{\"@type\":\"Person\",\"@id\":\"https:\/\/www.agrarinfo.ch\/de\/#\/schema\/person\/2559e6dbf037cb724f8654013d054440\",\"name\":\"Christine H\u00fcrlimann\",\"image\":{\"@type\":\"ImageObject\",\"inLanguage\":\"de\",\"@id\":\"https:\/\/www.agrarinfo.ch\/de\/#\/schema\/person\/image\/\",\"url\":\"https:\/\/secure.gravatar.com\/avatar\/a505f4c4e973f03accee5b49697bcabcc559b5621a990cd4a07e07482a63d194?s=96&d=mm&r=g\",\"contentUrl\":\"https:\/\/secure.gravatar.com\/avatar\/a505f4c4e973f03accee5b49697bcabcc559b5621a990cd4a07e07482a63d194?s=96&d=mm&r=g\",\"caption\":\"Christine H\u00fcrlimann\"}}]}<\/script>\n<!-- \/ Yoast SEO plugin. -->","yoast_head_json":{"title":"Verein - Agrarinfo","robots":{"index":"index","follow":"follow","max-snippet":"max-snippet:-1","max-image-preview":"max-image-preview:large","max-video-preview":"max-video-preview:-1"},"canonical":"https:\/\/www.agrarinfo.ch\/de\/wir\/verein\/","og_locale":"de_DE","og_type":"article","og_title":"Verein - Agrarinfo","og_description":"Verein agrarinfo.ch reflektiert auf der gleichnamigen Website einem Prisma gleich Information aus allen Richtungen und m\u00f6glichst in ih\u00adrer ganzen Bandbreite, damit sich die LeserInnen eine eigene Meinung bil\u00adden, auf sachlicher Ebene diskutieren und Entscheide, die ihre Le\u00adbensqualit\u00e4t direkt und unmittelbar beeinflussen, ganzheitlich f\u00e4l\u00adlen k\u00f6nnen. agrarinfo.ch beteiligt sich an Projekten, Netzwerken und Veranstaltungen, die dem Vereins\u00adzweck [&hellip;]","og_url":"https:\/\/www.agrarinfo.ch\/de\/wir\/verein\/","og_site_name":"Agrarinfo","article_publisher":"https:\/\/www.facebook.com\/agrarinfo.ch","article_modified_time":"2023-11-21T18:52:06+00:00","og_image":[{"width":665,"height":220,"url":"https:\/\/www.agrarinfo.ch\/wp-content\/uploads\/sites\/2\/2021\/12\/headerAgrarInfo_665-1.jpg","type":"image\/jpeg"}],"twitter_card":"summary_large_image","twitter_site":"@agrar_info","twitter_misc":{"Gesch\u00e4tzte Lesezeit":"1\u00a0Minute"},"schema":{"@context":"https:\/\/schema.org","@graph":[{"@type":"Article","@id":"https:\/\/www.agrarinfo.ch\/de\/wir\/verein\/#article","isPartOf":{"@id":"https:\/\/www.agrarinfo.ch\/de\/wir\/verein\/"},"author":{"name":"Christine H\u00fcrlimann","@id":"https:\/\/www.agrarinfo.ch\/de\/#\/schema\/person\/2559e6dbf037cb724f8654013d054440"},"headline":"Verein","datePublished":"2022-09-26T13:23:32+00:00","dateModified":"2023-11-21T18:52:06+00:00","mainEntityOfPage":{"@id":"https:\/\/www.agrarinfo.ch\/de\/wir\/verein\/"},"wordCount":169,"publisher":{"@id":"https:\/\/www.agrarinfo.ch\/de\/#organization"},"inLanguage":"de"},{"@type":"WebPage","@id":"https:\/\/www.agrarinfo.ch\/de\/wir\/verein\/","url":"https:\/\/www.agrarinfo.ch\/de\/wir\/verein\/","name":"Verein - Agrarinfo","isPartOf":{"@id":"https:\/\/www.agrarinfo.ch\/de\/#website"},"datePublished":"2022-09-26T13:23:32+00:00","dateModified":"2023-11-21T18:52:06+00:00","breadcrumb":{"@id":"https:\/\/www.agrarinfo.ch\/de\/wir\/verein\/#breadcrumb"},"inLanguage":"de","potentialAction":[{"@type":"ReadAction","target":["https:\/\/www.agrarinfo.ch\/de\/wir\/verein\/"]}]},{"@type":"BreadcrumbList","@id":"https:\/\/www.agrarinfo.ch\/de\/wir\/verein\/#breadcrumb","itemListElement":[{"@type":"ListItem","position":1,"name":"Accueil","item":"https:\/\/www.agrarinfo.ch\/de\/"},{"@type":"ListItem","position":2,"name":"Wir","item":"https:\/\/www.agrarinfo.ch\/de\/wir\/"},{"@type":"ListItem","position":3,"name":"Verein"}]},{"@type":"WebSite","@id":"https:\/\/www.agrarinfo.ch\/de\/#website","url":"https:\/\/www.agrarinfo.ch\/de\/","name":"Agrarinfo","description":"Just another bienvu.ch site","publisher":{"@id":"https:\/\/www.agrarinfo.ch\/de\/#organization"},"potentialAction":[{"@type":"SearchAction","target":{"@type":"EntryPoint","urlTemplate":"https:\/\/www.agrarinfo.ch\/de\/?s={search_term_string}"},"query-input":{"@type":"PropertyValueSpecification","valueRequired":true,"valueName":"search_term_string"}}],"inLanguage":"de"},{"@type":"Organization","@id":"https:\/\/www.agrarinfo.ch\/de\/#organization","name":"agrarinfo.ch","alternateName":"agrarinfo.ch","url":"https:\/\/www.agrarinfo.ch\/de\/","logo":{"@type":"ImageObject","inLanguage":"de","@id":"https:\/\/www.agrarinfo.ch\/de\/#\/schema\/logo\/image\/","url":"https:\/\/www.agrarinfo.ch\/wp-content\/uploads\/sites\/2\/2024\/03\/agrarinfo_A_quadrat.jpg","contentUrl":"https:\/\/www.agrarinfo.ch\/wp-content\/uploads\/sites\/2\/2024\/03\/agrarinfo_A_quadrat.jpg","width":1107,"height":1105,"caption":"agrarinfo.ch"},"image":{"@id":"https:\/\/www.agrarinfo.ch\/de\/#\/schema\/logo\/image\/"},"sameAs":["https:\/\/www.facebook.com\/agrarinfo.ch","https:\/\/x.com\/agrar_info","https:\/\/www.instagram.com\/agrarinfo.ch\/","https:\/\/www.linkedin.com\/in\/agrarinfo-ch-8894342a0\/"]},{"@type":"Person","@id":"https:\/\/www.agrarinfo.ch\/de\/#\/schema\/person\/2559e6dbf037cb724f8654013d054440","name":"Christine H\u00fcrlimann","image":{"@type":"ImageObject","inLanguage":"de","@id":"https:\/\/www.agrarinfo.ch\/de\/#\/schema\/person\/image\/","url":"https:\/\/secure.gravatar.com\/avatar\/a505f4c4e973f03accee5b49697bcabcc559b5621a990cd4a07e07482a63d194?s=96&d=mm&r=g","contentUrl":"https:\/\/secure.gravatar.com\/avatar\/a505f4c4e973f03accee5b49697bcabcc559b5621a990cd4a07e07482a63d194?s=96&d=mm&r=g","caption":"Christine H\u00fcrlimann"}}]}},"builder_content":"<h1>Verein<br\/><\/h1>\n<p>agrarinfo.ch reflektiert auf der gleichnamigen Website einem Prisma gleich Information aus allen Richtungen und m\u00f6glichst in ih\u00adrer ganzen Bandbreite, damit sich die LeserInnen eine eigene Meinung bil\u00adden, auf sachlicher Ebene diskutieren und Entscheide, die ihre Le\u00adbensqualit\u00e4t direkt und unmittelbar beeinflussen, ganzheitlich f\u00e4l\u00adlen k\u00f6nnen.<\/p> <p>agrarinfo.ch beteiligt sich an Projekten, Netzwerken und Veranstaltungen, die dem Vereins\u00adzweck dienen.<\/p> <p>Politisch und konfessionell neutral, ist agrarinfo.ch keiner bestimmten Perspektive und keiner Interessengruppe verpflichtet und von gemeinn\u00fctzi\u00adgem Charakter. Der Verein verfolgt weder Erwerbs- noch Selbst\u00ad\u00adhilfezwecke.<\/p>\n<h3>SPENDEN<\/h3> <p>agrarinfo.ch wird zu einem grossen Teil \u00fcber Spenden finanziert. Da wir von den Steuerbeh\u00f6rden als gemeinn\u00fctziger Verein anerkannt sind, k\u00f6nnen Sie Ihre Spenden an agrarinfo.ch in der\u00a0<a href=\"https:\/\/www.ch.ch\/de\/spende-abziehen\/\">Steuererkl\u00e4rung in Abzug bringen<\/a>.<\/p> <p>Unsere Postfinance-Verbindung:<br \/>agrarinfo.ch, 1298 C\u00e9ligny<br \/>IBAN: CH02 0900 0000 8996 1865 6<br \/>Zahlungszweck: Spende<\/p> <p>Spendenbescheinigungen werden einmal j\u00e4hrlich (Ende Januar-Anfang Februar) per Post verschickt.<\/p>\n<h3>VORSTAND<\/h3> <p>Binswanger Mathias,\u00a0<a title=\"http:\/\/www.mathias-binswanger.ch\" href=\"http:\/\/www.mathias-binswanger.ch\/\" target=\"_blank\" rel=\"noopener noreferrer\">(www)<\/a>,<br \/>H\u00fcrlimann Christine, C\u00e9ligny<br \/>Minkner Ulrike,\u00a0<a href=\"https:\/\/www.lasouriche.ch\/\" target=\"_blank\" rel=\"noopener noreferrer\">Mont-Soleil<\/a><\/p>\n<h3>STATUTEN<\/h3> <p><a href=\"https:\/\/www.agrarinfo.ch\/wp-content\/uploads\/sites\/2\/2022\/09\/agrarinfo_statuten22_unbeglaubigte_uebersetzung.pdf\"><em>\u00a0 \u00a0<\/em><\/a><\/p>","_links":{"self":[{"href":"https:\/\/www.agrarinfo.ch\/de\/wp-json\/wp\/v2\/pages\/10144","targetHints":{"allow":["GET"]}}],"collection":[{"href":"https:\/\/www.agrarinfo.ch\/de\/wp-json\/wp\/v2\/pages"}],"about":[{"href":"https:\/\/www.agrarinfo.ch\/de\/wp-json\/wp\/v2\/types\/page"}],"author":[{"embeddable":true,"href":"https:\/\/www.agrarinfo.ch\/de\/wp-json\/wp\/v2\/users\/3"}],"replies":[{"embeddable":true,"href":"https:\/\/www.agrarinfo.ch\/de\/wp-json\/wp\/v2\/comments?post=10144"}],"version-history":[{"count":15,"href":"https:\/\/www.agrarinfo.ch\/de\/wp-json\/wp\/v2\/pages\/10144\/revisions"}],"predecessor-version":[{"id":14633,"href":"https:\/\/www.agrarinfo.ch\/de\/wp-json\/wp\/v2\/pages\/10144\/revisions\/14633"}],"up":[{"embeddable":true,"href":"https:\/\/www.agrarinfo.ch\/de\/wp-json\/wp\/v2\/pages\/10121"}],"wp:attachment":[{"href":"https:\/\/www.agrarinfo.ch\/de\/wp-json\/wp\/v2\/media?parent=10144"}],"curies":[{"name":"wp","href":"https:\/\/api.w.org\/{rel}","templated":true}]}}