{"id":4000,"date":"2021-05-05T11:40:06","date_gmt":"2021-05-05T09:40:06","guid":{"rendered":"https:\/\/www.agrarinfo.ch\/alternativen\/"},"modified":"2022-09-22T23:37:34","modified_gmt":"2022-09-22T21:37:34","slug":"alternativen","status":"publish","type":"page","link":"https:\/\/www.agrarinfo.ch\/de\/landwirtschaft\/alternativen\/","title":{"rendered":"Alternativen"},"content":{"rendered":"<!--themify_builder_content-->\n<div id=\"themify_builder_content-4000\" data-postid=\"4000\" class=\"themify_builder_content themify_builder_content-4000 themify_builder tf_clear\">\n    \t\t\t\t<!-- module_row -->\n\t\t<div  data-lazy=\"1\" class=\"module_row themify_builder_row tb_gvt2938 tb_first tf_w tf_clearfix\">\n\t\t<div class=\"builder_row_cover tf_abs\"><\/div>\t\t\t<div class=\"row_inner gutter-narrow col_align_top tb_col_count_1 tf_box tf_rel\">\n\t\t\t\t\t<div  data-lazy=\"1\" class=\"module_column tb-column col-full tb_yzbb940 first\">\n\t\t\t\t\t\t\t\t\t<div class=\"tb-column-inner tf_box tf_w\">\n\t\t\t\t<!-- module fancy heading -->\n<div  class=\"module module-fancy-heading tb_l31x50  tb_hide_divider\" data-lazy=\"1\">\n\t    <h1 class=\"fancy-heading tf_textl\">\n    <span class=\"main-head tf_block\">\n\t\t\t\t\tAlternativen\t\t    <\/span>\n\n\t\n    <span class=\"sub-head tf_block tf_rel\">\n\t\t\t\t\t\t\t    <\/span>\n    <\/h1>\n<\/div>\n<!-- \/module fancy heading -->\n<!-- module text -->\n<div  class=\"module module-text tb_ow2f132   \" data-lazy=\"1\">\n        <div  class=\"tb_text_wrap\">\n    <p>Die Landwirtschaft spiegelt unser Stadtleben &#8211; entkoppelt von der nat\u00fcrlichen Grundlage mit den gleichen Problemen (Gesundheit, Dichte, Stress).\u00a0<\/p>\n<p>Wir fordern eine Landwirtschaft, die zur Lebensqualit\u00e4t beitr\u00e4gt, wir brauchen eine Landwirtschaft, die die lokale Lebensmittelsicherheit st\u00e4rkt.\u00a0 Ein Systemchange der Landwirtschaft wird auch eine Ver\u00e4nderung des sozialen Systems nach sich ziehen &#8211; und umgekehrt.\u00a0<\/p>    <\/div>\n<\/div>\n<!-- \/module text -->\t\t\t\t<\/div><!-- .tb-column-inner -->\n\t\t\t\t\t\t<\/div><!-- .module_column -->\n\t\t\t\t\t\t<\/div><!-- .row_inner -->\n\t\t<\/div><!-- .module_row -->\n\t\t\t\t\t\t\t\t<!-- module_row -->\n\t\t<div  data-lazy=\"1\" class=\"module_row themify_builder_row tb_x73h690 tf_w tf_clearfix\">\n\t\t\t\t\t<div class=\"row_inner col_align_top tb_col_count_1 tf_box tf_rel\">\n\t\t\t\t\t<div  data-lazy=\"1\" class=\"module_column tb-column col-full tb_x72g690 first\">\n\t\t\t\t\t\t\t\t\t<div class=\"tb-column-inner tf_box tf_w\">\n\t\t\t\t<!-- module text -->\n<div  class=\"module module-text tb_ivwy690   \" data-lazy=\"1\">\n        <div  class=\"tb_text_wrap\">\n    <h2 style=\"text-align: center;\"><span style=\"color: #333333;\"><em>\u00abWas der Bauer nicht kennt, das frisst er nicht. W\u00fcrde der St\u00e4dter kennen, was er frisst, er w\u00fcrde umgehend Bauer werden.\u00bb<\/em><\/span><\/h2>\n<p style=\"text-align: right;\">Oliver Hassencamp auf <a href=\"http:\/\/zitate.net\/oliver-hassencamp-zitate\" target=\"_blank\" rel=\"noopener\">zitate.net \u2192<\/a><\/p>    <\/div>\n<\/div>\n<!-- \/module text -->\t\t\t\t<\/div><!-- .tb-column-inner -->\n\t\t\t\t\t\t<\/div><!-- .module_column -->\n\t\t\t\t\t\t<\/div><!-- .row_inner -->\n\t\t<\/div><!-- .module_row -->\n\t\t\t\t<\/div>\n<!--\/themify_builder_content-->","protected":false},"excerpt":{"rendered":"<p>Alternativen Die Landwirtschaft spiegelt unser Stadtleben &#8211; entkoppelt von der nat\u00fcrlichen Grundlage mit den gleichen Problemen (Gesundheit, Dichte, Stress).\u00a0 Wir fordern eine Landwirtschaft, die zur Lebensqualit\u00e4t beitr\u00e4gt, wir brauchen eine Landwirtschaft, die die lokale Lebensmittelsicherheit st\u00e4rkt.\u00a0 Ein Systemchange der Landwirtschaft wird auch eine Ver\u00e4nderung des sozialen Systems nach sich ziehen &#8211; und umgekehrt.\u00a0 Solidarische Landwirtschaft [&hellip;]<\/p>\n","protected":false},"author":1,"featured_media":0,"parent":4298,"menu_order":0,"comment_status":"closed","ping_status":"closed","template":"","meta":{"footnotes":""},"class_list":["post-4000","page","type-page","status-publish","hentry","has-post-title","has-post-date","has-post-category","has-post-tag","has-post-comment","has-post-author",""],"yoast_head":"<!-- This site is optimized with the Yoast SEO plugin v23.8 - https:\/\/yoast.com\/wordpress\/plugins\/seo\/ -->\n<title>Alternativen - Agrarinfo<\/title>\n<meta name=\"robots\" content=\"index, follow, max-snippet:-1, max-image-preview:large, max-video-preview:-1\" \/>\n<link rel=\"canonical\" href=\"https:\/\/www.agrarinfo.ch\/de\/landwirtschaft\/alternativen\/\" \/>\n<meta property=\"og:locale\" content=\"de_DE\" \/>\n<meta property=\"og:type\" content=\"article\" \/>\n<meta property=\"og:title\" content=\"Alternativen - Agrarinfo\" \/>\n<meta property=\"og:description\" content=\"Alternativen Die Landwirtschaft spiegelt unser Stadtleben &#8211; entkoppelt von der nat\u00fcrlichen Grundlage mit den gleichen Problemen (Gesundheit, Dichte, Stress).\u00a0 Wir fordern eine Landwirtschaft, die zur Lebensqualit\u00e4t beitr\u00e4gt, wir brauchen eine Landwirtschaft, die die lokale Lebensmittelsicherheit st\u00e4rkt.\u00a0 Ein Systemchange der Landwirtschaft wird auch eine Ver\u00e4nderung des sozialen Systems nach sich ziehen &#8211; und umgekehrt.\u00a0 Solidarische Landwirtschaft [&hellip;]\" \/>\n<meta property=\"og:url\" content=\"https:\/\/www.agrarinfo.ch\/de\/landwirtschaft\/alternativen\/\" \/>\n<meta property=\"og:site_name\" content=\"Agrarinfo\" \/>\n<meta property=\"article:publisher\" content=\"https:\/\/www.facebook.com\/agrarinfo.ch\" \/>\n<meta property=\"article:modified_time\" content=\"2022-09-22T21:37:34+00:00\" \/>\n<meta property=\"og:image\" content=\"https:\/\/www.agrarinfo.ch\/wp-content\/uploads\/sites\/2\/2021\/12\/headerAgrarInfo_665-1.jpg\" \/>\n\t<meta property=\"og:image:width\" content=\"665\" \/>\n\t<meta property=\"og:image:height\" content=\"220\" \/>\n\t<meta property=\"og:image:type\" content=\"image\/jpeg\" \/>\n<meta name=\"twitter:card\" content=\"summary_large_image\" \/>\n<meta name=\"twitter:site\" content=\"@agrar_info\" \/>\n<script type=\"application\/ld+json\" class=\"yoast-schema-graph\">{\"@context\":\"https:\/\/schema.org\",\"@graph\":[{\"@type\":\"Article\",\"@id\":\"https:\/\/www.agrarinfo.ch\/de\/landwirtschaft\/alternativen\/#article\",\"isPartOf\":{\"@id\":\"https:\/\/www.agrarinfo.ch\/de\/landwirtschaft\/alternativen\/\"},\"author\":{\"name\":\"bienvuadmin\",\"@id\":\"https:\/\/www.agrarinfo.ch\/de\/#\/schema\/person\/44c24b0651e8a539c6d999513f105bf2\"},\"headline\":\"Alternativen\",\"datePublished\":\"2021-05-05T09:40:06+00:00\",\"dateModified\":\"2022-09-22T21:37:34+00:00\",\"mainEntityOfPage\":{\"@id\":\"https:\/\/www.agrarinfo.ch\/de\/landwirtschaft\/alternativen\/\"},\"wordCount\":96,\"publisher\":{\"@id\":\"https:\/\/www.agrarinfo.ch\/de\/#organization\"},\"inLanguage\":\"de\"},{\"@type\":\"WebPage\",\"@id\":\"https:\/\/www.agrarinfo.ch\/de\/landwirtschaft\/alternativen\/\",\"url\":\"https:\/\/www.agrarinfo.ch\/de\/landwirtschaft\/alternativen\/\",\"name\":\"Alternativen - Agrarinfo\",\"isPartOf\":{\"@id\":\"https:\/\/www.agrarinfo.ch\/de\/#website\"},\"datePublished\":\"2021-05-05T09:40:06+00:00\",\"dateModified\":\"2022-09-22T21:37:34+00:00\",\"breadcrumb\":{\"@id\":\"https:\/\/www.agrarinfo.ch\/de\/landwirtschaft\/alternativen\/#breadcrumb\"},\"inLanguage\":\"de\",\"potentialAction\":[{\"@type\":\"ReadAction\",\"target\":[\"https:\/\/www.agrarinfo.ch\/de\/landwirtschaft\/alternativen\/\"]}]},{\"@type\":\"BreadcrumbList\",\"@id\":\"https:\/\/www.agrarinfo.ch\/de\/landwirtschaft\/alternativen\/#breadcrumb\",\"itemListElement\":[{\"@type\":\"ListItem\",\"position\":1,\"name\":\"Accueil\",\"item\":\"https:\/\/www.agrarinfo.ch\/de\/\"},{\"@type\":\"ListItem\",\"position\":2,\"name\":\"Landwirtschaft\",\"item\":\"https:\/\/www.agrarinfo.ch\/de\/landwirtschaft\/\"},{\"@type\":\"ListItem\",\"position\":3,\"name\":\"Alternativen\"}]},{\"@type\":\"WebSite\",\"@id\":\"https:\/\/www.agrarinfo.ch\/de\/#website\",\"url\":\"https:\/\/www.agrarinfo.ch\/de\/\",\"name\":\"Agrarinfo\",\"description\":\"Just another bienvu.ch site\",\"publisher\":{\"@id\":\"https:\/\/www.agrarinfo.ch\/de\/#organization\"},\"potentialAction\":[{\"@type\":\"SearchAction\",\"target\":{\"@type\":\"EntryPoint\",\"urlTemplate\":\"https:\/\/www.agrarinfo.ch\/de\/?s={search_term_string}\"},\"query-input\":{\"@type\":\"PropertyValueSpecification\",\"valueRequired\":true,\"valueName\":\"search_term_string\"}}],\"inLanguage\":\"de\"},{\"@type\":\"Organization\",\"@id\":\"https:\/\/www.agrarinfo.ch\/de\/#organization\",\"name\":\"agrarinfo.ch\",\"alternateName\":\"agrarinfo.ch\",\"url\":\"https:\/\/www.agrarinfo.ch\/de\/\",\"logo\":{\"@type\":\"ImageObject\",\"inLanguage\":\"de\",\"@id\":\"https:\/\/www.agrarinfo.ch\/de\/#\/schema\/logo\/image\/\",\"url\":\"https:\/\/www.agrarinfo.ch\/wp-content\/uploads\/sites\/2\/2024\/03\/agrarinfo_A_quadrat.jpg\",\"contentUrl\":\"https:\/\/www.agrarinfo.ch\/wp-content\/uploads\/sites\/2\/2024\/03\/agrarinfo_A_quadrat.jpg\",\"width\":1107,\"height\":1105,\"caption\":\"agrarinfo.ch\"},\"image\":{\"@id\":\"https:\/\/www.agrarinfo.ch\/de\/#\/schema\/logo\/image\/\"},\"sameAs\":[\"https:\/\/www.facebook.com\/agrarinfo.ch\",\"https:\/\/x.com\/agrar_info\",\"https:\/\/www.instagram.com\/agrarinfo.ch\/\",\"https:\/\/www.linkedin.com\/in\/agrarinfo-ch-8894342a0\/\"]},{\"@type\":\"Person\",\"@id\":\"https:\/\/www.agrarinfo.ch\/de\/#\/schema\/person\/44c24b0651e8a539c6d999513f105bf2\",\"name\":\"bienvuadmin\",\"image\":{\"@type\":\"ImageObject\",\"inLanguage\":\"de\",\"@id\":\"https:\/\/www.agrarinfo.ch\/de\/#\/schema\/person\/image\/\",\"url\":\"https:\/\/secure.gravatar.com\/avatar\/a6a25f2e19e4cb576d385cd4506c090b86a5c88553e3ca26c3e9668ddf1a7d48?s=96&d=mm&r=g\",\"contentUrl\":\"https:\/\/secure.gravatar.com\/avatar\/a6a25f2e19e4cb576d385cd4506c090b86a5c88553e3ca26c3e9668ddf1a7d48?s=96&d=mm&r=g\",\"caption\":\"bienvuadmin\"},\"sameAs\":[\"http:\/\/new.agrarinfo.ch\"]}]}<\/script>\n<!-- \/ Yoast SEO plugin. -->","yoast_head_json":{"title":"Alternativen - Agrarinfo","robots":{"index":"index","follow":"follow","max-snippet":"max-snippet:-1","max-image-preview":"max-image-preview:large","max-video-preview":"max-video-preview:-1"},"canonical":"https:\/\/www.agrarinfo.ch\/de\/landwirtschaft\/alternativen\/","og_locale":"de_DE","og_type":"article","og_title":"Alternativen - Agrarinfo","og_description":"Alternativen Die Landwirtschaft spiegelt unser Stadtleben &#8211; entkoppelt von der nat\u00fcrlichen Grundlage mit den gleichen Problemen (Gesundheit, Dichte, Stress).\u00a0 Wir fordern eine Landwirtschaft, die zur Lebensqualit\u00e4t beitr\u00e4gt, wir brauchen eine Landwirtschaft, die die lokale Lebensmittelsicherheit st\u00e4rkt.\u00a0 Ein Systemchange der Landwirtschaft wird auch eine Ver\u00e4nderung des sozialen Systems nach sich ziehen &#8211; und umgekehrt.\u00a0 Solidarische Landwirtschaft [&hellip;]","og_url":"https:\/\/www.agrarinfo.ch\/de\/landwirtschaft\/alternativen\/","og_site_name":"Agrarinfo","article_publisher":"https:\/\/www.facebook.com\/agrarinfo.ch","article_modified_time":"2022-09-22T21:37:34+00:00","og_image":[{"width":665,"height":220,"url":"https:\/\/www.agrarinfo.ch\/wp-content\/uploads\/sites\/2\/2021\/12\/headerAgrarInfo_665-1.jpg","type":"image\/jpeg"}],"twitter_card":"summary_large_image","twitter_site":"@agrar_info","schema":{"@context":"https:\/\/schema.org","@graph":[{"@type":"Article","@id":"https:\/\/www.agrarinfo.ch\/de\/landwirtschaft\/alternativen\/#article","isPartOf":{"@id":"https:\/\/www.agrarinfo.ch\/de\/landwirtschaft\/alternativen\/"},"author":{"name":"bienvuadmin","@id":"https:\/\/www.agrarinfo.ch\/de\/#\/schema\/person\/44c24b0651e8a539c6d999513f105bf2"},"headline":"Alternativen","datePublished":"2021-05-05T09:40:06+00:00","dateModified":"2022-09-22T21:37:34+00:00","mainEntityOfPage":{"@id":"https:\/\/www.agrarinfo.ch\/de\/landwirtschaft\/alternativen\/"},"wordCount":96,"publisher":{"@id":"https:\/\/www.agrarinfo.ch\/de\/#organization"},"inLanguage":"de"},{"@type":"WebPage","@id":"https:\/\/www.agrarinfo.ch\/de\/landwirtschaft\/alternativen\/","url":"https:\/\/www.agrarinfo.ch\/de\/landwirtschaft\/alternativen\/","name":"Alternativen - Agrarinfo","isPartOf":{"@id":"https:\/\/www.agrarinfo.ch\/de\/#website"},"datePublished":"2021-05-05T09:40:06+00:00","dateModified":"2022-09-22T21:37:34+00:00","breadcrumb":{"@id":"https:\/\/www.agrarinfo.ch\/de\/landwirtschaft\/alternativen\/#breadcrumb"},"inLanguage":"de","potentialAction":[{"@type":"ReadAction","target":["https:\/\/www.agrarinfo.ch\/de\/landwirtschaft\/alternativen\/"]}]},{"@type":"BreadcrumbList","@id":"https:\/\/www.agrarinfo.ch\/de\/landwirtschaft\/alternativen\/#breadcrumb","itemListElement":[{"@type":"ListItem","position":1,"name":"Accueil","item":"https:\/\/www.agrarinfo.ch\/de\/"},{"@type":"ListItem","position":2,"name":"Landwirtschaft","item":"https:\/\/www.agrarinfo.ch\/de\/landwirtschaft\/"},{"@type":"ListItem","position":3,"name":"Alternativen"}]},{"@type":"WebSite","@id":"https:\/\/www.agrarinfo.ch\/de\/#website","url":"https:\/\/www.agrarinfo.ch\/de\/","name":"Agrarinfo","description":"Just another bienvu.ch site","publisher":{"@id":"https:\/\/www.agrarinfo.ch\/de\/#organization"},"potentialAction":[{"@type":"SearchAction","target":{"@type":"EntryPoint","urlTemplate":"https:\/\/www.agrarinfo.ch\/de\/?s={search_term_string}"},"query-input":{"@type":"PropertyValueSpecification","valueRequired":true,"valueName":"search_term_string"}}],"inLanguage":"de"},{"@type":"Organization","@id":"https:\/\/www.agrarinfo.ch\/de\/#organization","name":"agrarinfo.ch","alternateName":"agrarinfo.ch","url":"https:\/\/www.agrarinfo.ch\/de\/","logo":{"@type":"ImageObject","inLanguage":"de","@id":"https:\/\/www.agrarinfo.ch\/de\/#\/schema\/logo\/image\/","url":"https:\/\/www.agrarinfo.ch\/wp-content\/uploads\/sites\/2\/2024\/03\/agrarinfo_A_quadrat.jpg","contentUrl":"https:\/\/www.agrarinfo.ch\/wp-content\/uploads\/sites\/2\/2024\/03\/agrarinfo_A_quadrat.jpg","width":1107,"height":1105,"caption":"agrarinfo.ch"},"image":{"@id":"https:\/\/www.agrarinfo.ch\/de\/#\/schema\/logo\/image\/"},"sameAs":["https:\/\/www.facebook.com\/agrarinfo.ch","https:\/\/x.com\/agrar_info","https:\/\/www.instagram.com\/agrarinfo.ch\/","https:\/\/www.linkedin.com\/in\/agrarinfo-ch-8894342a0\/"]},{"@type":"Person","@id":"https:\/\/www.agrarinfo.ch\/de\/#\/schema\/person\/44c24b0651e8a539c6d999513f105bf2","name":"bienvuadmin","image":{"@type":"ImageObject","inLanguage":"de","@id":"https:\/\/www.agrarinfo.ch\/de\/#\/schema\/person\/image\/","url":"https:\/\/secure.gravatar.com\/avatar\/a6a25f2e19e4cb576d385cd4506c090b86a5c88553e3ca26c3e9668ddf1a7d48?s=96&d=mm&r=g","contentUrl":"https:\/\/secure.gravatar.com\/avatar\/a6a25f2e19e4cb576d385cd4506c090b86a5c88553e3ca26c3e9668ddf1a7d48?s=96&d=mm&r=g","caption":"bienvuadmin"},"sameAs":["http:\/\/new.agrarinfo.ch"]}]}},"builder_content":"<h1>Alternativen<br\/><\/h1>\n<p>Die Landwirtschaft spiegelt unser Stadtleben - entkoppelt von der nat\u00fcrlichen Grundlage mit den gleichen Problemen (Gesundheit, Dichte, Stress).\u00a0<\/p> <p>Wir fordern eine Landwirtschaft, die zur Lebensqualit\u00e4t beitr\u00e4gt, wir brauchen eine Landwirtschaft, die die lokale Lebensmittelsicherheit st\u00e4rkt.\u00a0 Ein Systemchange der Landwirtschaft wird auch eine Ver\u00e4nderung des sozialen Systems nach sich ziehen - und umgekehrt.\u00a0<\/p>\n<a href=\"https:\/\/www.agrarinfo.ch\/de\/landwirtschaft\/alternativen\/solidarische-landwirtschaft\/\">\n Solidarische Landwirtschaft \n <\/a>\n<a href=\"https:\/\/www.agrarinfo.ch\/de\/landwirtschaft\/alternativen\/agraroekologie\/\">\n Agrar\u00f6kologie \n <\/a>\n<a href=\"https:\/\/www.agrarinfo.ch\/de\/landwirtschaft\/alternativen\/ernaehrungssouveraenitaet\/\">\n Ern\u00e4hrungssouver\u00e4nit\u00e4t \n <\/a>\n<h2 style=\"text-align: center;\"><em>\u00abWas der Bauer nicht kennt, das frisst er nicht. W\u00fcrde der St\u00e4dter kennen, was er frisst, er w\u00fcrde umgehend Bauer werden.\u00bb<\/em><\/h2> <p style=\"text-align: right;\">Oliver Hassencamp auf <a href=\"http:\/\/zitate.net\/oliver-hassencamp-zitate\" target=\"_blank\" rel=\"noopener\">zitate.net \u2192<\/a><\/p>","_links":{"self":[{"href":"https:\/\/www.agrarinfo.ch\/de\/wp-json\/wp\/v2\/pages\/4000","targetHints":{"allow":["GET"]}}],"collection":[{"href":"https:\/\/www.agrarinfo.ch\/de\/wp-json\/wp\/v2\/pages"}],"about":[{"href":"https:\/\/www.agrarinfo.ch\/de\/wp-json\/wp\/v2\/types\/page"}],"author":[{"embeddable":true,"href":"https:\/\/www.agrarinfo.ch\/de\/wp-json\/wp\/v2\/users\/1"}],"replies":[{"embeddable":true,"href":"https:\/\/www.agrarinfo.ch\/de\/wp-json\/wp\/v2\/comments?post=4000"}],"version-history":[{"count":23,"href":"https:\/\/www.agrarinfo.ch\/de\/wp-json\/wp\/v2\/pages\/4000\/revisions"}],"predecessor-version":[{"id":9832,"href":"https:\/\/www.agrarinfo.ch\/de\/wp-json\/wp\/v2\/pages\/4000\/revisions\/9832"}],"up":[{"embeddable":true,"href":"https:\/\/www.agrarinfo.ch\/de\/wp-json\/wp\/v2\/pages\/4298"}],"wp:attachment":[{"href":"https:\/\/www.agrarinfo.ch\/de\/wp-json\/wp\/v2\/media?parent=4000"}],"curies":[{"name":"wp","href":"https:\/\/api.w.org\/{rel}","templated":true}]}}