{"id":4372,"date":"2021-05-05T11:38:14","date_gmt":"2021-05-05T09:38:14","guid":{"rendered":"https:\/\/www.agrarinfo.ch\/?page_id=4372"},"modified":"2022-10-03T16:59:38","modified_gmt":"2022-10-03T14:59:38","slug":"wissen","status":"publish","type":"page","link":"https:\/\/www.agrarinfo.ch\/de\/landwirtschaft\/wissen\/","title":{"rendered":"Wissen"},"content":{"rendered":"<!--themify_builder_content-->\n<div id=\"themify_builder_content-4372\" data-postid=\"4372\" class=\"themify_builder_content themify_builder_content-4372 themify_builder tf_clear\">\n    \t\t\t\t<!-- module_row -->\n\t\t<div  data-lazy=\"1\" class=\"module_row themify_builder_row tb_oplz756 tb_first tf_w tf_clearfix\">\n\t\t<div class=\"builder_row_cover tf_abs\"><\/div>\t\t\t<div class=\"row_inner gutter-narrow col_align_top tb_col_count_1 tf_box tf_rel\">\n\t\t\t\t\t<div  data-lazy=\"1\" class=\"module_column tb-column col-full tb_1sxv757 first\">\n\t\t\t\t\t\t\t\t\t<div class=\"tb-column-inner tf_box tf_w\">\n\t\t\t\t<!-- module fancy heading -->\n<div  class=\"module module-fancy-heading tb_h577757  tb_hide_divider\" data-lazy=\"1\">\n\t    <h1 class=\"fancy-heading tf_textl\">\n    <span class=\"main-head tf_block\">\n\t\t\t\t\tWissen\t\t    <\/span>\n\n\t\n    <span class=\"sub-head tf_block tf_rel\">\n\t\t\t\t\t\t\t    <\/span>\n    <\/h1>\n<\/div>\n<!-- \/module fancy heading -->\n<!-- module text -->\n<div  class=\"module module-text tb_54ak758   \" data-lazy=\"1\">\n        <div  class=\"tb_text_wrap\">\n    <p>Erfahrungen, Einsichten und neue Erkenntnisse kommen zusammen und erweitern unseren Blickwinkel auf die Landwirtschaft.<\/p>    <\/div>\n<\/div>\n<!-- \/module text -->\t\t\t\t<\/div><!-- .tb-column-inner -->\n\t\t\t\t\t\t<\/div><!-- .module_column -->\n\t\t\t\t\t\t<\/div><!-- .row_inner -->\n\t\t<\/div><!-- .module_row -->\n\t\t\t\t\t\t\t\t<!-- module_row -->\n\t\t<div  data-lazy=\"1\" class=\"module_row themify_builder_row tb_d3ky706 tf_w tf_clearfix\">\n\t\t\t\t\t<div class=\"row_inner col_align_top tb_col_count_1 tf_box tf_rel\">\n\t\t\t\t\t<div  data-lazy=\"1\" class=\"module_column tb-column col-full tb_5ea6707 first\">\n\t\t\t\t\t\t\t\t\t<div class=\"tb-column-inner tf_box tf_w\">\n\t\t\t\t<!-- module text -->\n<div  class=\"module module-text tb_j3aw707   \" data-lazy=\"1\">\n        <div  class=\"tb_text_wrap\">\n    <h2 style=\"text-align: center;\"><span style=\"color: #333333;\"><em>\u00ab<strong>\u77e5\u4e4b\u4e3a\u77e5\u4e4b\uff0c\u4e0d\u77e5\u4e3a\u4e0d\u77e5\uff0c\u662f\u77e5\u4e5f<\/strong><\/em><\/span><em>\u00bb<\/em><\/h2>\n<h2 style=\"text-align: center;\"><span style=\"color: #333333;\"><em>Zu wissen, was man versteht und nicht vorzugeben zu kennen, was man nicht weiss: das ist Weisheit.<\/em><\/span><\/h2>\n<p style=\"text-align: right;\">Konfuzius <a href=\"http:\/\/zitate.net\/konfuzius-zitate\" target=\"_blank\" rel=\"noopener\">\u2192<\/a><\/p>    <\/div>\n<\/div>\n<!-- \/module text -->\t\t\t\t<\/div><!-- .tb-column-inner -->\n\t\t\t\t\t\t<\/div><!-- .module_column -->\n\t\t\t\t\t\t<\/div><!-- .row_inner -->\n\t\t<\/div><!-- .module_row -->\n\t\t\t\t\t\t\t\t<!-- module_row -->\n\t\t<div  data-lazy=\"1\" class=\"module_row themify_builder_row tb_fd2o344 tf_w tf_clearfix\">\n\t\t\t\t\t<div class=\"row_inner col_align_top tb_col_count_1 tf_box tf_rel\">\n\t\t\t\t\t<div  data-lazy=\"1\" class=\"module_column tb-column col-full tb_vr27344 first\">\n\t\t\t\t\t\t\t\t\t<div class=\"tb-column-inner tf_box tf_w\">\n\t\t\t\t<!-- module text -->\n<div  class=\"module module-text tb_34xo546   \" data-lazy=\"1\">\n        <div  class=\"tb_text_wrap\">\n    <p>Diese Seite ist im Aufbau.\u00a0 Empirisches Wissen soll hier ebenso seinen Platz haben wie Forschung und Entwicklung:<\/p>    <\/div>\n<\/div>\n<!-- \/module text -->\t\t\t\t<\/div><!-- .tb-column-inner -->\n\t\t\t\t\t\t<\/div><!-- .module_column -->\n\t\t\t\t\t\t<\/div><!-- .row_inner -->\n\t\t<\/div><!-- .module_row -->\n\t\t\t\t\t\t\t\t<!-- module_row -->\n\t\t<div  data-lazy=\"1\" class=\"module_row themify_builder_row tb_znb7288 tf_w tf_clearfix\">\n\t\t\t\t\t<div class=\"row_inner col_align_top tb_col_count_1 tf_box tf_rel\">\n\t\t\t\t\t<div  data-lazy=\"1\" class=\"module_column tb-column col-full tb_86y0289 first\">\n\t\t\t\t\t\t\t\t\t<div class=\"tb-column-inner tf_box tf_w\">\n\t\t\t\t<!-- module text -->\n<div  class=\"module module-text tb_6ue041   \" data-lazy=\"1\">\n    <h3 class=\"module-title\">Erfahrungswissen<\/h3>    <div  class=\"tb_text_wrap\">\n    <p>Erfahrungswissen ist personen-, standort- und zeitabh\u00e4ngig. Es basiert auf der Beobachtung der Natur und unserer Eingriffe in nat\u00fcrliche Prozesse und deren Erkenntnisse daraus.<\/p>\n<p>Nebst dem traditionellen, b\u00e4uerlichen Wissen \u00fcber Produktion und Verarbeitung, das von einer Generation zur n\u00e4chsten \u00fcberliefert wird wird, in sogenannten Reallaboren, \u00a0durchaus auch neues Praxiswissen erforscht.\u00a0 Reallabore haben ihren Platz \u00abin der richtigen Welt\u00bb, also vom Acker bis zum Teller.\u00a0 Ein interdisziplin\u00e4res Team aus Forschung und Praktiker*innen \u00a0werten die gewonnenen Ergebnisse von Produktion, Gewinnung und Verarbeitung aus.\u00a0 Die gewonnenen Erkenntnisse werden dann nicht\u00a0 nur vor Ort genutzt, sondern sollen auch auf andere Kontexte \u00fcbertragen werden k\u00f6nnen (<a href=\"https:\/\/www.reallabor-netzwerk.de\/\" target=\"_blank\" rel=\"noopener\">\u2192<\/a>).\u00a0<\/p>\n<p>Lebendige Beispiele dazu sind das Reallabor Urbane Agrar\u00f6kologie des Innovationsnetzwerkes UNIA in Z\u00fcrich (<a href=\"https:\/\/urbaneagraroekologie.ch\/reallabor\/\" target=\"_blank\" rel=\"noopener\">\u2192<\/a>) und auch das Ern\u00e4hrungsfeld Liechtenstein (<a href=\"https:\/\/tourismus.li\/lie\/ort\/Ern%C3%A4hrungsfeld%20Vaduz\/\" target=\"_blank\" rel=\"noopener\">\u2192<\/a>)<\/p>    <\/div>\n<\/div>\n<!-- \/module text -->\t\t\t\t<\/div><!-- .tb-column-inner -->\n\t\t\t\t\t\t<\/div><!-- .module_column -->\n\t\t\t\t\t\t<\/div><!-- .row_inner -->\n\t\t<\/div><!-- .module_row -->\n\t\t\t\t\t\t\t\t<!-- module_row -->\n\t\t<div  data-lazy=\"1\" class=\"module_row themify_builder_row tb_p56e135 tf_w tf_clearfix\">\n\t\t\t\t\t<div class=\"row_inner col_align_top tb_col_count_1 tf_box tf_rel\">\n\t\t\t\t\t<div  data-lazy=\"1\" class=\"module_column tb-column col-full tb_gnxh137 first\">\n\t\t\t\t\t\t\t\t\t<div class=\"tb-column-inner tf_box tf_w\">\n\t\t\t\t<!-- module text -->\n<div  class=\"module module-text tb_c2bp770   \" data-lazy=\"1\">\n    <h3 class=\"module-title\">Forschung und Entwicklung<\/h3>    <div  class=\"tb_text_wrap\">\n    <p>Forschung und Entwicklung sind wichtig, speziell wenn sie zu Gunsten des Allgemeinwohls eingesetzt werden.<\/p>\n<p>Die grossen Budgets f\u00fcr Forschung haben aber nicht die \u00d6ffentlichkeit, sondern die grossen Konzerne.\u00a0 Das heisst, es wird mit privatem Kapital geforscht, und das muss l\u00e4ngerfristig eine Rendite generieren. (dazu: H.C. Binswanger, Wachstum braucht Geld). Wenn der Kassenschlager dann mal etabliert ist (z.B. Glyphosat), bringt man ihn kaum mehr aus dem Sortiment.\u00a0 Nebst synthetischen Hilfsmitteln und Medikamenten wird aktuell haupts\u00e4chlich in den Bereichen Digitalisierung und Gentechnologie geforscht.\u00a0 Keines dieser neuen Produkte konnte bis anhin einen Weg aufgezeigen, einen deutlichen Nutzen f\u00fcr die Allgemeinheit zu erbringen, wie z.B. einen positiven Effekt gegen die Erderhitzung. Sehr wohl f\u00f6rdern sie aber Abh\u00e4ngigkeiten.\u00a0<\/p>\n<p>Das bedeutet, dass Forschung, die dem Allgemeinwohl zugutekommen soll, nicht kommerziell finanziert werden darf \u2013 sie wird zu teuer.<\/p>    <\/div>\n<\/div>\n<!-- \/module text -->\t\t\t\t<\/div><!-- .tb-column-inner -->\n\t\t\t\t\t\t<\/div><!-- .module_column -->\n\t\t\t\t\t\t<\/div><!-- .row_inner -->\n\t\t<\/div><!-- .module_row -->\n\t\t\t\t<\/div>\n<!--\/themify_builder_content-->","protected":false},"excerpt":{"rendered":"<p>Wissen Erfahrungen, Einsichten und neue Erkenntnisse kommen zusammen und erweitern unseren Blickwinkel auf die Landwirtschaft. Erfahrungswissen Forschung und Entwicklung Publikationen und Rapporte \u00ab\u77e5\u4e4b\u4e3a\u77e5\u4e4b\uff0c\u4e0d\u77e5\u4e3a\u4e0d\u77e5\uff0c\u662f\u77e5\u4e5f\u00bb Zu wissen, was man versteht und nicht vorzugeben zu kennen, was man nicht weiss: das ist Weisheit. Konfuzius \u2192 Diese Seite ist im Aufbau.\u00a0 Empirisches Wissen soll hier ebenso seinen Platz haben [&hellip;]<\/p>\n","protected":false},"author":1,"featured_media":0,"parent":4298,"menu_order":0,"comment_status":"closed","ping_status":"closed","template":"","meta":{"footnotes":""},"class_list":["post-4372","page","type-page","status-publish","hentry","has-post-title","has-post-date","has-post-category","has-post-tag","has-post-comment","has-post-author",""],"yoast_head":"<!-- This site is optimized with the Yoast SEO plugin v23.8 - https:\/\/yoast.com\/wordpress\/plugins\/seo\/ -->\n<title>Wissen - Agrarinfo<\/title>\n<meta name=\"robots\" content=\"index, follow, max-snippet:-1, max-image-preview:large, max-video-preview:-1\" \/>\n<link rel=\"canonical\" href=\"https:\/\/www.agrarinfo.ch\/de\/landwirtschaft\/wissen\/\" \/>\n<meta property=\"og:locale\" content=\"de_DE\" \/>\n<meta property=\"og:type\" content=\"article\" \/>\n<meta property=\"og:title\" content=\"Wissen - Agrarinfo\" \/>\n<meta property=\"og:description\" content=\"Wissen Erfahrungen, Einsichten und neue Erkenntnisse kommen zusammen und erweitern unseren Blickwinkel auf die Landwirtschaft. Erfahrungswissen Forschung und Entwicklung Publikationen und Rapporte \u00ab\u77e5\u4e4b\u4e3a\u77e5\u4e4b\uff0c\u4e0d\u77e5\u4e3a\u4e0d\u77e5\uff0c\u662f\u77e5\u4e5f\u00bb Zu wissen, was man versteht und nicht vorzugeben zu kennen, was man nicht weiss: das ist Weisheit. Konfuzius \u2192 Diese Seite ist im Aufbau.\u00a0 Empirisches Wissen soll hier ebenso seinen Platz haben [&hellip;]\" \/>\n<meta property=\"og:url\" content=\"https:\/\/www.agrarinfo.ch\/de\/landwirtschaft\/wissen\/\" \/>\n<meta property=\"og:site_name\" content=\"Agrarinfo\" \/>\n<meta property=\"article:publisher\" content=\"https:\/\/www.facebook.com\/agrarinfo.ch\" \/>\n<meta property=\"article:modified_time\" content=\"2022-10-03T14:59:38+00:00\" \/>\n<meta property=\"og:image\" content=\"https:\/\/www.agrarinfo.ch\/wp-content\/uploads\/sites\/2\/2021\/12\/headerAgrarInfo_665-1.jpg\" \/>\n\t<meta property=\"og:image:width\" content=\"665\" \/>\n\t<meta property=\"og:image:height\" content=\"220\" \/>\n\t<meta property=\"og:image:type\" content=\"image\/jpeg\" \/>\n<meta name=\"twitter:card\" content=\"summary_large_image\" \/>\n<meta name=\"twitter:site\" content=\"@agrar_info\" \/>\n<meta name=\"twitter:label1\" content=\"Gesch\u00e4tzte Lesezeit\" \/>\n\t<meta name=\"twitter:data1\" content=\"2\u00a0Minuten\" \/>\n<script type=\"application\/ld+json\" class=\"yoast-schema-graph\">{\"@context\":\"https:\/\/schema.org\",\"@graph\":[{\"@type\":\"Article\",\"@id\":\"https:\/\/www.agrarinfo.ch\/de\/landwirtschaft\/wissen\/#article\",\"isPartOf\":{\"@id\":\"https:\/\/www.agrarinfo.ch\/de\/landwirtschaft\/wissen\/\"},\"author\":{\"name\":\"bienvuadmin\",\"@id\":\"https:\/\/www.agrarinfo.ch\/de\/#\/schema\/person\/44c24b0651e8a539c6d999513f105bf2\"},\"headline\":\"Wissen\",\"datePublished\":\"2021-05-05T09:38:14+00:00\",\"dateModified\":\"2022-10-03T14:59:38+00:00\",\"mainEntityOfPage\":{\"@id\":\"https:\/\/www.agrarinfo.ch\/de\/landwirtschaft\/wissen\/\"},\"wordCount\":329,\"publisher\":{\"@id\":\"https:\/\/www.agrarinfo.ch\/de\/#organization\"},\"inLanguage\":\"de\"},{\"@type\":\"WebPage\",\"@id\":\"https:\/\/www.agrarinfo.ch\/de\/landwirtschaft\/wissen\/\",\"url\":\"https:\/\/www.agrarinfo.ch\/de\/landwirtschaft\/wissen\/\",\"name\":\"Wissen - Agrarinfo\",\"isPartOf\":{\"@id\":\"https:\/\/www.agrarinfo.ch\/de\/#website\"},\"datePublished\":\"2021-05-05T09:38:14+00:00\",\"dateModified\":\"2022-10-03T14:59:38+00:00\",\"breadcrumb\":{\"@id\":\"https:\/\/www.agrarinfo.ch\/de\/landwirtschaft\/wissen\/#breadcrumb\"},\"inLanguage\":\"de\",\"potentialAction\":[{\"@type\":\"ReadAction\",\"target\":[\"https:\/\/www.agrarinfo.ch\/de\/landwirtschaft\/wissen\/\"]}]},{\"@type\":\"BreadcrumbList\",\"@id\":\"https:\/\/www.agrarinfo.ch\/de\/landwirtschaft\/wissen\/#breadcrumb\",\"itemListElement\":[{\"@type\":\"ListItem\",\"position\":1,\"name\":\"Accueil\",\"item\":\"https:\/\/www.agrarinfo.ch\/de\/\"},{\"@type\":\"ListItem\",\"position\":2,\"name\":\"Landwirtschaft\",\"item\":\"https:\/\/www.agrarinfo.ch\/de\/landwirtschaft\/\"},{\"@type\":\"ListItem\",\"position\":3,\"name\":\"Wissen\"}]},{\"@type\":\"WebSite\",\"@id\":\"https:\/\/www.agrarinfo.ch\/de\/#website\",\"url\":\"https:\/\/www.agrarinfo.ch\/de\/\",\"name\":\"Agrarinfo\",\"description\":\"Just another bienvu.ch site\",\"publisher\":{\"@id\":\"https:\/\/www.agrarinfo.ch\/de\/#organization\"},\"potentialAction\":[{\"@type\":\"SearchAction\",\"target\":{\"@type\":\"EntryPoint\",\"urlTemplate\":\"https:\/\/www.agrarinfo.ch\/de\/?s={search_term_string}\"},\"query-input\":{\"@type\":\"PropertyValueSpecification\",\"valueRequired\":true,\"valueName\":\"search_term_string\"}}],\"inLanguage\":\"de\"},{\"@type\":\"Organization\",\"@id\":\"https:\/\/www.agrarinfo.ch\/de\/#organization\",\"name\":\"agrarinfo.ch\",\"alternateName\":\"agrarinfo.ch\",\"url\":\"https:\/\/www.agrarinfo.ch\/de\/\",\"logo\":{\"@type\":\"ImageObject\",\"inLanguage\":\"de\",\"@id\":\"https:\/\/www.agrarinfo.ch\/de\/#\/schema\/logo\/image\/\",\"url\":\"https:\/\/www.agrarinfo.ch\/wp-content\/uploads\/sites\/2\/2024\/03\/agrarinfo_A_quadrat.jpg\",\"contentUrl\":\"https:\/\/www.agrarinfo.ch\/wp-content\/uploads\/sites\/2\/2024\/03\/agrarinfo_A_quadrat.jpg\",\"width\":1107,\"height\":1105,\"caption\":\"agrarinfo.ch\"},\"image\":{\"@id\":\"https:\/\/www.agrarinfo.ch\/de\/#\/schema\/logo\/image\/\"},\"sameAs\":[\"https:\/\/www.facebook.com\/agrarinfo.ch\",\"https:\/\/x.com\/agrar_info\",\"https:\/\/www.instagram.com\/agrarinfo.ch\/\",\"https:\/\/www.linkedin.com\/in\/agrarinfo-ch-8894342a0\/\"]},{\"@type\":\"Person\",\"@id\":\"https:\/\/www.agrarinfo.ch\/de\/#\/schema\/person\/44c24b0651e8a539c6d999513f105bf2\",\"name\":\"bienvuadmin\",\"image\":{\"@type\":\"ImageObject\",\"inLanguage\":\"de\",\"@id\":\"https:\/\/www.agrarinfo.ch\/de\/#\/schema\/person\/image\/\",\"url\":\"https:\/\/secure.gravatar.com\/avatar\/a6a25f2e19e4cb576d385cd4506c090b86a5c88553e3ca26c3e9668ddf1a7d48?s=96&d=mm&r=g\",\"contentUrl\":\"https:\/\/secure.gravatar.com\/avatar\/a6a25f2e19e4cb576d385cd4506c090b86a5c88553e3ca26c3e9668ddf1a7d48?s=96&d=mm&r=g\",\"caption\":\"bienvuadmin\"},\"sameAs\":[\"http:\/\/new.agrarinfo.ch\"]}]}<\/script>\n<!-- \/ Yoast SEO plugin. -->","yoast_head_json":{"title":"Wissen - Agrarinfo","robots":{"index":"index","follow":"follow","max-snippet":"max-snippet:-1","max-image-preview":"max-image-preview:large","max-video-preview":"max-video-preview:-1"},"canonical":"https:\/\/www.agrarinfo.ch\/de\/landwirtschaft\/wissen\/","og_locale":"de_DE","og_type":"article","og_title":"Wissen - Agrarinfo","og_description":"Wissen Erfahrungen, Einsichten und neue Erkenntnisse kommen zusammen und erweitern unseren Blickwinkel auf die Landwirtschaft. Erfahrungswissen Forschung und Entwicklung Publikationen und Rapporte \u00ab\u77e5\u4e4b\u4e3a\u77e5\u4e4b\uff0c\u4e0d\u77e5\u4e3a\u4e0d\u77e5\uff0c\u662f\u77e5\u4e5f\u00bb Zu wissen, was man versteht und nicht vorzugeben zu kennen, was man nicht weiss: das ist Weisheit. Konfuzius \u2192 Diese Seite ist im Aufbau.\u00a0 Empirisches Wissen soll hier ebenso seinen Platz haben [&hellip;]","og_url":"https:\/\/www.agrarinfo.ch\/de\/landwirtschaft\/wissen\/","og_site_name":"Agrarinfo","article_publisher":"https:\/\/www.facebook.com\/agrarinfo.ch","article_modified_time":"2022-10-03T14:59:38+00:00","og_image":[{"width":665,"height":220,"url":"https:\/\/www.agrarinfo.ch\/wp-content\/uploads\/sites\/2\/2021\/12\/headerAgrarInfo_665-1.jpg","type":"image\/jpeg"}],"twitter_card":"summary_large_image","twitter_site":"@agrar_info","twitter_misc":{"Gesch\u00e4tzte Lesezeit":"2\u00a0Minuten"},"schema":{"@context":"https:\/\/schema.org","@graph":[{"@type":"Article","@id":"https:\/\/www.agrarinfo.ch\/de\/landwirtschaft\/wissen\/#article","isPartOf":{"@id":"https:\/\/www.agrarinfo.ch\/de\/landwirtschaft\/wissen\/"},"author":{"name":"bienvuadmin","@id":"https:\/\/www.agrarinfo.ch\/de\/#\/schema\/person\/44c24b0651e8a539c6d999513f105bf2"},"headline":"Wissen","datePublished":"2021-05-05T09:38:14+00:00","dateModified":"2022-10-03T14:59:38+00:00","mainEntityOfPage":{"@id":"https:\/\/www.agrarinfo.ch\/de\/landwirtschaft\/wissen\/"},"wordCount":329,"publisher":{"@id":"https:\/\/www.agrarinfo.ch\/de\/#organization"},"inLanguage":"de"},{"@type":"WebPage","@id":"https:\/\/www.agrarinfo.ch\/de\/landwirtschaft\/wissen\/","url":"https:\/\/www.agrarinfo.ch\/de\/landwirtschaft\/wissen\/","name":"Wissen - Agrarinfo","isPartOf":{"@id":"https:\/\/www.agrarinfo.ch\/de\/#website"},"datePublished":"2021-05-05T09:38:14+00:00","dateModified":"2022-10-03T14:59:38+00:00","breadcrumb":{"@id":"https:\/\/www.agrarinfo.ch\/de\/landwirtschaft\/wissen\/#breadcrumb"},"inLanguage":"de","potentialAction":[{"@type":"ReadAction","target":["https:\/\/www.agrarinfo.ch\/de\/landwirtschaft\/wissen\/"]}]},{"@type":"BreadcrumbList","@id":"https:\/\/www.agrarinfo.ch\/de\/landwirtschaft\/wissen\/#breadcrumb","itemListElement":[{"@type":"ListItem","position":1,"name":"Accueil","item":"https:\/\/www.agrarinfo.ch\/de\/"},{"@type":"ListItem","position":2,"name":"Landwirtschaft","item":"https:\/\/www.agrarinfo.ch\/de\/landwirtschaft\/"},{"@type":"ListItem","position":3,"name":"Wissen"}]},{"@type":"WebSite","@id":"https:\/\/www.agrarinfo.ch\/de\/#website","url":"https:\/\/www.agrarinfo.ch\/de\/","name":"Agrarinfo","description":"Just another bienvu.ch site","publisher":{"@id":"https:\/\/www.agrarinfo.ch\/de\/#organization"},"potentialAction":[{"@type":"SearchAction","target":{"@type":"EntryPoint","urlTemplate":"https:\/\/www.agrarinfo.ch\/de\/?s={search_term_string}"},"query-input":{"@type":"PropertyValueSpecification","valueRequired":true,"valueName":"search_term_string"}}],"inLanguage":"de"},{"@type":"Organization","@id":"https:\/\/www.agrarinfo.ch\/de\/#organization","name":"agrarinfo.ch","alternateName":"agrarinfo.ch","url":"https:\/\/www.agrarinfo.ch\/de\/","logo":{"@type":"ImageObject","inLanguage":"de","@id":"https:\/\/www.agrarinfo.ch\/de\/#\/schema\/logo\/image\/","url":"https:\/\/www.agrarinfo.ch\/wp-content\/uploads\/sites\/2\/2024\/03\/agrarinfo_A_quadrat.jpg","contentUrl":"https:\/\/www.agrarinfo.ch\/wp-content\/uploads\/sites\/2\/2024\/03\/agrarinfo_A_quadrat.jpg","width":1107,"height":1105,"caption":"agrarinfo.ch"},"image":{"@id":"https:\/\/www.agrarinfo.ch\/de\/#\/schema\/logo\/image\/"},"sameAs":["https:\/\/www.facebook.com\/agrarinfo.ch","https:\/\/x.com\/agrar_info","https:\/\/www.instagram.com\/agrarinfo.ch\/","https:\/\/www.linkedin.com\/in\/agrarinfo-ch-8894342a0\/"]},{"@type":"Person","@id":"https:\/\/www.agrarinfo.ch\/de\/#\/schema\/person\/44c24b0651e8a539c6d999513f105bf2","name":"bienvuadmin","image":{"@type":"ImageObject","inLanguage":"de","@id":"https:\/\/www.agrarinfo.ch\/de\/#\/schema\/person\/image\/","url":"https:\/\/secure.gravatar.com\/avatar\/a6a25f2e19e4cb576d385cd4506c090b86a5c88553e3ca26c3e9668ddf1a7d48?s=96&d=mm&r=g","contentUrl":"https:\/\/secure.gravatar.com\/avatar\/a6a25f2e19e4cb576d385cd4506c090b86a5c88553e3ca26c3e9668ddf1a7d48?s=96&d=mm&r=g","caption":"bienvuadmin"},"sameAs":["http:\/\/new.agrarinfo.ch"]}]}},"builder_content":"<h1>Wissen<br\/><\/h1>\n<p>Erfahrungen, Einsichten und neue Erkenntnisse kommen zusammen und erweitern unseren Blickwinkel auf die Landwirtschaft.<\/p>\n<a href=\"https:\/\/www.agrarinfo.ch\/de\/landwirtschaft\/wissen\/erfahrungswissen\/\">\n Erfahrungswissen \n <\/a>\n<a href=\"https:\/\/www.agrarinfo.ch\/de\/landwirtschaft\/wissen\/forschung-und-entwicklung\/\">\n Forschung und Entwicklung \n <\/a>\n<a href=\"https:\/\/www.agrarinfo.ch\/de\/landwirtschaft\/wissen\/publikationen\/\">\n Publikationen und Rapporte \n <\/a>\n<h2 style=\"text-align: center;\"><em>\u00ab<strong>\u77e5\u4e4b\u4e3a\u77e5\u4e4b\uff0c\u4e0d\u77e5\u4e3a\u4e0d\u77e5\uff0c\u662f\u77e5\u4e5f<\/strong><\/em><em>\u00bb<\/em><\/h2> <h2 style=\"text-align: center;\"><em>Zu wissen, was man versteht und nicht vorzugeben zu kennen, was man nicht weiss: das ist Weisheit.<\/em><\/h2> <p style=\"text-align: right;\">Konfuzius <a href=\"http:\/\/zitate.net\/konfuzius-zitate\" target=\"_blank\" rel=\"noopener\">\u2192<\/a><\/p>\n<p>Diese Seite ist im Aufbau.\u00a0 Empirisches Wissen soll hier ebenso seinen Platz haben wie Forschung und Entwicklung:<\/p>\n<h3>Erfahrungswissen<\/h3> <p>Erfahrungswissen ist personen-, standort- und zeitabh\u00e4ngig. Es basiert auf der Beobachtung der Natur und unserer Eingriffe in nat\u00fcrliche Prozesse und deren Erkenntnisse daraus.<\/p> <p>Nebst dem traditionellen, b\u00e4uerlichen Wissen \u00fcber Produktion und Verarbeitung, das von einer Generation zur n\u00e4chsten \u00fcberliefert wird wird, in sogenannten Reallaboren, \u00a0durchaus auch neues Praxiswissen erforscht.\u00a0 Reallabore haben ihren Platz \u00abin der richtigen Welt\u00bb, also vom Acker bis zum Teller.\u00a0 Ein interdisziplin\u00e4res Team aus Forschung und Praktiker*innen \u00a0werten die gewonnenen Ergebnisse von Produktion, Gewinnung und Verarbeitung aus.\u00a0 Die gewonnenen Erkenntnisse werden dann nicht\u00a0 nur vor Ort genutzt, sondern sollen auch auf andere Kontexte \u00fcbertragen werden k\u00f6nnen (<a href=\"https:\/\/www.reallabor-netzwerk.de\/\" target=\"_blank\" rel=\"noopener\">\u2192<\/a>).\u00a0<\/p> <p>Lebendige Beispiele dazu sind das Reallabor Urbane Agrar\u00f6kologie des Innovationsnetzwerkes UNIA in Z\u00fcrich (<a href=\"https:\/\/urbaneagraroekologie.ch\/reallabor\/\" target=\"_blank\" rel=\"noopener\">\u2192<\/a>) und auch das Ern\u00e4hrungsfeld Liechtenstein (<a href=\"https:\/\/tourismus.li\/lie\/ort\/Ern%C3%A4hrungsfeld%20Vaduz\/\" target=\"_blank\" rel=\"noopener\">\u2192<\/a>)<\/p>\n<h3>Forschung und Entwicklung<\/h3> <p>Forschung und Entwicklung sind wichtig, speziell wenn sie zu Gunsten des Allgemeinwohls eingesetzt werden.<\/p> <p>Die grossen Budgets f\u00fcr Forschung haben aber nicht die \u00d6ffentlichkeit, sondern die grossen Konzerne.\u00a0 Das heisst, es wird mit privatem Kapital geforscht, und das muss l\u00e4ngerfristig eine Rendite generieren. (dazu: H.C. Binswanger, Wachstum braucht Geld). Wenn der Kassenschlager dann mal etabliert ist (z.B. Glyphosat), bringt man ihn kaum mehr aus dem Sortiment.\u00a0 Nebst synthetischen Hilfsmitteln und Medikamenten wird aktuell haupts\u00e4chlich in den Bereichen Digitalisierung und Gentechnologie geforscht.\u00a0 Keines dieser neuen Produkte konnte bis anhin einen Weg aufgezeigen, einen deutlichen Nutzen f\u00fcr die Allgemeinheit zu erbringen, wie z.B. einen positiven Effekt gegen die Erderhitzung. Sehr wohl f\u00f6rdern sie aber Abh\u00e4ngigkeiten.\u00a0<\/p> <p>Das bedeutet, dass Forschung, die dem Allgemeinwohl zugutekommen soll, nicht kommerziell finanziert werden darf \u2013 sie wird zu teuer.<\/p>","_links":{"self":[{"href":"https:\/\/www.agrarinfo.ch\/de\/wp-json\/wp\/v2\/pages\/4372","targetHints":{"allow":["GET"]}}],"collection":[{"href":"https:\/\/www.agrarinfo.ch\/de\/wp-json\/wp\/v2\/pages"}],"about":[{"href":"https:\/\/www.agrarinfo.ch\/de\/wp-json\/wp\/v2\/types\/page"}],"author":[{"embeddable":true,"href":"https:\/\/www.agrarinfo.ch\/de\/wp-json\/wp\/v2\/users\/1"}],"replies":[{"embeddable":true,"href":"https:\/\/www.agrarinfo.ch\/de\/wp-json\/wp\/v2\/comments?post=4372"}],"version-history":[{"count":17,"href":"https:\/\/www.agrarinfo.ch\/de\/wp-json\/wp\/v2\/pages\/4372\/revisions"}],"predecessor-version":[{"id":10609,"href":"https:\/\/www.agrarinfo.ch\/de\/wp-json\/wp\/v2\/pages\/4372\/revisions\/10609"}],"up":[{"embeddable":true,"href":"https:\/\/www.agrarinfo.ch\/de\/wp-json\/wp\/v2\/pages\/4298"}],"wp:attachment":[{"href":"https:\/\/www.agrarinfo.ch\/de\/wp-json\/wp\/v2\/media?parent=4372"}],"curies":[{"name":"wp","href":"https:\/\/api.w.org\/{rel}","templated":true}]}}