{"id":4789,"date":"2021-08-27T10:14:15","date_gmt":"2021-08-27T08:14:15","guid":{"rendered":"https:\/\/www.agrarinfo.ch\/?page_id=4789"},"modified":"2022-09-22T23:25:44","modified_gmt":"2022-09-22T21:25:44","slug":"tiere","status":"publish","type":"page","link":"https:\/\/www.agrarinfo.ch\/de\/natur\/tiere\/","title":{"rendered":"Tiere"},"content":{"rendered":"<!--themify_builder_content-->\n<div id=\"themify_builder_content-4789\" data-postid=\"4789\" class=\"themify_builder_content themify_builder_content-4789 themify_builder tf_clear\">\n    \t\t\t\t<!-- module_row -->\n\t\t<div  data-lazy=\"1\" class=\"module_row themify_builder_row tb_y6af16 tb_first tf_w tf_clearfix\">\n\t\t<div class=\"builder_row_cover tf_abs\"><\/div>\t\t\t<div class=\"row_inner gutter-narrow col_align_top tb_col_count_1 tf_box tf_rel\">\n\t\t\t\t\t<div  data-lazy=\"1\" class=\"module_column tb-column col-full tb_kry317 first\">\n\t\t\t\t\t\t\t\t\t<div class=\"tb-column-inner tf_box tf_w\">\n\t\t\t\t<!-- module fancy heading -->\n<div  class=\"module module-fancy-heading tb_gji2634  tb_hide_divider\" data-lazy=\"1\">\n\t    <h1 class=\"fancy-heading tf_textl\">\n    <span class=\"main-head tf_block\">\n\t\t\t\t\tTiere\t\t    <\/span>\n\n\t\n    <span class=\"sub-head tf_block tf_rel\">\n\t\t\t\t\t\t\t    <\/span>\n    <\/h1>\n<\/div>\n<!-- \/module fancy heading -->\n<!-- module text -->\n<div  class=\"module module-text tb_pz5y113   \" data-lazy=\"1\">\n        <div  class=\"tb_text_wrap\">\n    <p>Rund ein Drittel des Agrarlandes ist nicht f\u00fcr den Ackerbau geeignet, kann aber als Weideland oder zum Futtermittelanbau f\u00fcr Pflanzenfresser genutzt werden.\u00a0 Tiere sind damit ein wichtiger Bestandteil des Kreislaufs der Natur.<\/p>\n<p>Eine artgerechte Zucht und den Tieren angepasste Haltung und Ern\u00e4hrung ist eine Grundvoraussetzung f\u00fcr ihre Gesundheit. Die industrielle Tierzucht und -haltung hingegen ist auch Zucht f\u00fcr multiresistente Erreger, die Epidemien ausl\u00f6sen k\u00f6nnen. Trotzdem wird dieses den Tieren unw\u00fcrdige System von internationalen Konzernen und durch Handelsabkommen gesch\u00fctzt und gef\u00f6rdert.<\/p>    <\/div>\n<\/div>\n<!-- \/module text -->\t\t\t\t<\/div><!-- .tb-column-inner -->\n\t\t\t\t\t\t<\/div><!-- .module_column -->\n\t\t\t\t\t\t<\/div><!-- .row_inner -->\n\t\t<\/div><!-- .module_row -->\n\t\t\t\t\t\t\t\t<!-- module_row -->\n\t\t<div  data-lazy=\"1\" class=\"module_row themify_builder_row tb_mh5o402 tf_w tf_clearfix\">\n\t\t\t\t\t<div class=\"row_inner col_align_top tb_col_count_1 tf_box tf_rel\">\n\t\t\t\t\t<div  data-lazy=\"1\" class=\"module_column tb-column col-full tb_qy6e403 first\">\n\t\t\t\t\t\t\t\t\t<div class=\"tb-column-inner tf_box tf_w\">\n\t\t\t\t<!-- module text -->\n<div  class=\"module module-text tb_favi404   \" data-lazy=\"1\">\n        <div  class=\"tb_text_wrap\">\n    <h2 style=\"text-align: center;\"><span style=\"color: #333333;\"><em>\u00ab Weh dem Menschen, wenn nur ein einziges Tier im Weltgericht sitzt \u00bb<\/em><\/span><\/h2>\n<p style=\"text-align: right;\">(Christian Morgenstern<a href=\"https:\/\/gutezitate.com\/zitat\/156505\" target=\"_blank\" rel=\"noopener\">\u21b5<\/a>)<\/p>    <\/div>\n<\/div>\n<!-- \/module text -->\t\t\t\t<\/div><!-- .tb-column-inner -->\n\t\t\t\t\t\t<\/div><!-- .module_column -->\n\t\t\t\t\t\t<\/div><!-- .row_inner -->\n\t\t<\/div><!-- .module_row -->\n\t\t\t\t<\/div>\n<!--\/themify_builder_content-->","protected":false},"excerpt":{"rendered":"<p>Tiere Rund ein Drittel des Agrarlandes ist nicht f\u00fcr den Ackerbau geeignet, kann aber als Weideland oder zum Futtermittelanbau f\u00fcr Pflanzenfresser genutzt werden.\u00a0 Tiere sind damit ein wichtiger Bestandteil des Kreislaufs der Natur. Eine artgerechte Zucht und den Tieren angepasste Haltung und Ern\u00e4hrung ist eine Grundvoraussetzung f\u00fcr ihre Gesundheit. Die industrielle Tierzucht und -haltung hingegen [&hellip;]<\/p>\n","protected":false},"author":3,"featured_media":0,"parent":4275,"menu_order":0,"comment_status":"closed","ping_status":"closed","template":"","meta":{"footnotes":""},"class_list":["post-4789","page","type-page","status-publish","hentry","has-post-title","has-post-date","has-post-category","has-post-tag","has-post-comment","has-post-author",""],"yoast_head":"<!-- This site is optimized with the Yoast SEO plugin v23.8 - https:\/\/yoast.com\/wordpress\/plugins\/seo\/ -->\n<title>Tiere - Agrarinfo<\/title>\n<meta name=\"robots\" content=\"index, follow, max-snippet:-1, max-image-preview:large, max-video-preview:-1\" \/>\n<link rel=\"canonical\" href=\"https:\/\/www.agrarinfo.ch\/de\/natur\/tiere\/\" \/>\n<meta property=\"og:locale\" content=\"de_DE\" \/>\n<meta property=\"og:type\" content=\"article\" \/>\n<meta property=\"og:title\" content=\"Tiere - Agrarinfo\" \/>\n<meta property=\"og:description\" content=\"Tiere Rund ein Drittel des Agrarlandes ist nicht f\u00fcr den Ackerbau geeignet, kann aber als Weideland oder zum Futtermittelanbau f\u00fcr Pflanzenfresser genutzt werden.\u00a0 Tiere sind damit ein wichtiger Bestandteil des Kreislaufs der Natur. Eine artgerechte Zucht und den Tieren angepasste Haltung und Ern\u00e4hrung ist eine Grundvoraussetzung f\u00fcr ihre Gesundheit. Die industrielle Tierzucht und -haltung hingegen [&hellip;]\" \/>\n<meta property=\"og:url\" content=\"https:\/\/www.agrarinfo.ch\/de\/natur\/tiere\/\" \/>\n<meta property=\"og:site_name\" content=\"Agrarinfo\" \/>\n<meta property=\"article:publisher\" content=\"https:\/\/www.facebook.com\/agrarinfo.ch\" \/>\n<meta property=\"article:modified_time\" content=\"2022-09-22T21:25:44+00:00\" \/>\n<meta property=\"og:image\" content=\"https:\/\/www.agrarinfo.ch\/wp-content\/uploads\/sites\/2\/2021\/12\/headerAgrarInfo_665-1.jpg\" \/>\n\t<meta property=\"og:image:width\" content=\"665\" \/>\n\t<meta property=\"og:image:height\" content=\"220\" \/>\n\t<meta property=\"og:image:type\" content=\"image\/jpeg\" \/>\n<meta name=\"twitter:card\" content=\"summary_large_image\" \/>\n<meta name=\"twitter:site\" content=\"@agrar_info\" \/>\n<meta name=\"twitter:label1\" content=\"Gesch\u00e4tzte Lesezeit\" \/>\n\t<meta name=\"twitter:data1\" content=\"1\u00a0Minute\" \/>\n<script type=\"application\/ld+json\" class=\"yoast-schema-graph\">{\"@context\":\"https:\/\/schema.org\",\"@graph\":[{\"@type\":\"Article\",\"@id\":\"https:\/\/www.agrarinfo.ch\/de\/natur\/tiere\/#article\",\"isPartOf\":{\"@id\":\"https:\/\/www.agrarinfo.ch\/de\/natur\/tiere\/\"},\"author\":{\"name\":\"Christine H\u00fcrlimann\",\"@id\":\"https:\/\/www.agrarinfo.ch\/de\/#\/schema\/person\/2559e6dbf037cb724f8654013d054440\"},\"headline\":\"Tiere\",\"datePublished\":\"2021-08-27T08:14:15+00:00\",\"dateModified\":\"2022-09-22T21:25:44+00:00\",\"mainEntityOfPage\":{\"@id\":\"https:\/\/www.agrarinfo.ch\/de\/natur\/tiere\/\"},\"wordCount\":108,\"publisher\":{\"@id\":\"https:\/\/www.agrarinfo.ch\/de\/#organization\"},\"inLanguage\":\"de\"},{\"@type\":\"WebPage\",\"@id\":\"https:\/\/www.agrarinfo.ch\/de\/natur\/tiere\/\",\"url\":\"https:\/\/www.agrarinfo.ch\/de\/natur\/tiere\/\",\"name\":\"Tiere - Agrarinfo\",\"isPartOf\":{\"@id\":\"https:\/\/www.agrarinfo.ch\/de\/#website\"},\"datePublished\":\"2021-08-27T08:14:15+00:00\",\"dateModified\":\"2022-09-22T21:25:44+00:00\",\"breadcrumb\":{\"@id\":\"https:\/\/www.agrarinfo.ch\/de\/natur\/tiere\/#breadcrumb\"},\"inLanguage\":\"de\",\"potentialAction\":[{\"@type\":\"ReadAction\",\"target\":[\"https:\/\/www.agrarinfo.ch\/de\/natur\/tiere\/\"]}]},{\"@type\":\"BreadcrumbList\",\"@id\":\"https:\/\/www.agrarinfo.ch\/de\/natur\/tiere\/#breadcrumb\",\"itemListElement\":[{\"@type\":\"ListItem\",\"position\":1,\"name\":\"Accueil\",\"item\":\"https:\/\/www.agrarinfo.ch\/de\/\"},{\"@type\":\"ListItem\",\"position\":2,\"name\":\"Natur\",\"item\":\"https:\/\/www.agrarinfo.ch\/de\/natur\/\"},{\"@type\":\"ListItem\",\"position\":3,\"name\":\"Tiere\"}]},{\"@type\":\"WebSite\",\"@id\":\"https:\/\/www.agrarinfo.ch\/de\/#website\",\"url\":\"https:\/\/www.agrarinfo.ch\/de\/\",\"name\":\"Agrarinfo\",\"description\":\"Just another bienvu.ch site\",\"publisher\":{\"@id\":\"https:\/\/www.agrarinfo.ch\/de\/#organization\"},\"potentialAction\":[{\"@type\":\"SearchAction\",\"target\":{\"@type\":\"EntryPoint\",\"urlTemplate\":\"https:\/\/www.agrarinfo.ch\/de\/?s={search_term_string}\"},\"query-input\":{\"@type\":\"PropertyValueSpecification\",\"valueRequired\":true,\"valueName\":\"search_term_string\"}}],\"inLanguage\":\"de\"},{\"@type\":\"Organization\",\"@id\":\"https:\/\/www.agrarinfo.ch\/de\/#organization\",\"name\":\"agrarinfo.ch\",\"alternateName\":\"agrarinfo.ch\",\"url\":\"https:\/\/www.agrarinfo.ch\/de\/\",\"logo\":{\"@type\":\"ImageObject\",\"inLanguage\":\"de\",\"@id\":\"https:\/\/www.agrarinfo.ch\/de\/#\/schema\/logo\/image\/\",\"url\":\"https:\/\/www.agrarinfo.ch\/wp-content\/uploads\/sites\/2\/2024\/03\/agrarinfo_A_quadrat.jpg\",\"contentUrl\":\"https:\/\/www.agrarinfo.ch\/wp-content\/uploads\/sites\/2\/2024\/03\/agrarinfo_A_quadrat.jpg\",\"width\":1107,\"height\":1105,\"caption\":\"agrarinfo.ch\"},\"image\":{\"@id\":\"https:\/\/www.agrarinfo.ch\/de\/#\/schema\/logo\/image\/\"},\"sameAs\":[\"https:\/\/www.facebook.com\/agrarinfo.ch\",\"https:\/\/x.com\/agrar_info\",\"https:\/\/www.instagram.com\/agrarinfo.ch\/\",\"https:\/\/www.linkedin.com\/in\/agrarinfo-ch-8894342a0\/\"]},{\"@type\":\"Person\",\"@id\":\"https:\/\/www.agrarinfo.ch\/de\/#\/schema\/person\/2559e6dbf037cb724f8654013d054440\",\"name\":\"Christine H\u00fcrlimann\",\"image\":{\"@type\":\"ImageObject\",\"inLanguage\":\"de\",\"@id\":\"https:\/\/www.agrarinfo.ch\/de\/#\/schema\/person\/image\/\",\"url\":\"https:\/\/secure.gravatar.com\/avatar\/a505f4c4e973f03accee5b49697bcabcc559b5621a990cd4a07e07482a63d194?s=96&d=mm&r=g\",\"contentUrl\":\"https:\/\/secure.gravatar.com\/avatar\/a505f4c4e973f03accee5b49697bcabcc559b5621a990cd4a07e07482a63d194?s=96&d=mm&r=g\",\"caption\":\"Christine H\u00fcrlimann\"}}]}<\/script>\n<!-- \/ Yoast SEO plugin. -->","yoast_head_json":{"title":"Tiere - Agrarinfo","robots":{"index":"index","follow":"follow","max-snippet":"max-snippet:-1","max-image-preview":"max-image-preview:large","max-video-preview":"max-video-preview:-1"},"canonical":"https:\/\/www.agrarinfo.ch\/de\/natur\/tiere\/","og_locale":"de_DE","og_type":"article","og_title":"Tiere - Agrarinfo","og_description":"Tiere Rund ein Drittel des Agrarlandes ist nicht f\u00fcr den Ackerbau geeignet, kann aber als Weideland oder zum Futtermittelanbau f\u00fcr Pflanzenfresser genutzt werden.\u00a0 Tiere sind damit ein wichtiger Bestandteil des Kreislaufs der Natur. Eine artgerechte Zucht und den Tieren angepasste Haltung und Ern\u00e4hrung ist eine Grundvoraussetzung f\u00fcr ihre Gesundheit. Die industrielle Tierzucht und -haltung hingegen [&hellip;]","og_url":"https:\/\/www.agrarinfo.ch\/de\/natur\/tiere\/","og_site_name":"Agrarinfo","article_publisher":"https:\/\/www.facebook.com\/agrarinfo.ch","article_modified_time":"2022-09-22T21:25:44+00:00","og_image":[{"width":665,"height":220,"url":"https:\/\/www.agrarinfo.ch\/wp-content\/uploads\/sites\/2\/2021\/12\/headerAgrarInfo_665-1.jpg","type":"image\/jpeg"}],"twitter_card":"summary_large_image","twitter_site":"@agrar_info","twitter_misc":{"Gesch\u00e4tzte Lesezeit":"1\u00a0Minute"},"schema":{"@context":"https:\/\/schema.org","@graph":[{"@type":"Article","@id":"https:\/\/www.agrarinfo.ch\/de\/natur\/tiere\/#article","isPartOf":{"@id":"https:\/\/www.agrarinfo.ch\/de\/natur\/tiere\/"},"author":{"name":"Christine H\u00fcrlimann","@id":"https:\/\/www.agrarinfo.ch\/de\/#\/schema\/person\/2559e6dbf037cb724f8654013d054440"},"headline":"Tiere","datePublished":"2021-08-27T08:14:15+00:00","dateModified":"2022-09-22T21:25:44+00:00","mainEntityOfPage":{"@id":"https:\/\/www.agrarinfo.ch\/de\/natur\/tiere\/"},"wordCount":108,"publisher":{"@id":"https:\/\/www.agrarinfo.ch\/de\/#organization"},"inLanguage":"de"},{"@type":"WebPage","@id":"https:\/\/www.agrarinfo.ch\/de\/natur\/tiere\/","url":"https:\/\/www.agrarinfo.ch\/de\/natur\/tiere\/","name":"Tiere - Agrarinfo","isPartOf":{"@id":"https:\/\/www.agrarinfo.ch\/de\/#website"},"datePublished":"2021-08-27T08:14:15+00:00","dateModified":"2022-09-22T21:25:44+00:00","breadcrumb":{"@id":"https:\/\/www.agrarinfo.ch\/de\/natur\/tiere\/#breadcrumb"},"inLanguage":"de","potentialAction":[{"@type":"ReadAction","target":["https:\/\/www.agrarinfo.ch\/de\/natur\/tiere\/"]}]},{"@type":"BreadcrumbList","@id":"https:\/\/www.agrarinfo.ch\/de\/natur\/tiere\/#breadcrumb","itemListElement":[{"@type":"ListItem","position":1,"name":"Accueil","item":"https:\/\/www.agrarinfo.ch\/de\/"},{"@type":"ListItem","position":2,"name":"Natur","item":"https:\/\/www.agrarinfo.ch\/de\/natur\/"},{"@type":"ListItem","position":3,"name":"Tiere"}]},{"@type":"WebSite","@id":"https:\/\/www.agrarinfo.ch\/de\/#website","url":"https:\/\/www.agrarinfo.ch\/de\/","name":"Agrarinfo","description":"Just another bienvu.ch site","publisher":{"@id":"https:\/\/www.agrarinfo.ch\/de\/#organization"},"potentialAction":[{"@type":"SearchAction","target":{"@type":"EntryPoint","urlTemplate":"https:\/\/www.agrarinfo.ch\/de\/?s={search_term_string}"},"query-input":{"@type":"PropertyValueSpecification","valueRequired":true,"valueName":"search_term_string"}}],"inLanguage":"de"},{"@type":"Organization","@id":"https:\/\/www.agrarinfo.ch\/de\/#organization","name":"agrarinfo.ch","alternateName":"agrarinfo.ch","url":"https:\/\/www.agrarinfo.ch\/de\/","logo":{"@type":"ImageObject","inLanguage":"de","@id":"https:\/\/www.agrarinfo.ch\/de\/#\/schema\/logo\/image\/","url":"https:\/\/www.agrarinfo.ch\/wp-content\/uploads\/sites\/2\/2024\/03\/agrarinfo_A_quadrat.jpg","contentUrl":"https:\/\/www.agrarinfo.ch\/wp-content\/uploads\/sites\/2\/2024\/03\/agrarinfo_A_quadrat.jpg","width":1107,"height":1105,"caption":"agrarinfo.ch"},"image":{"@id":"https:\/\/www.agrarinfo.ch\/de\/#\/schema\/logo\/image\/"},"sameAs":["https:\/\/www.facebook.com\/agrarinfo.ch","https:\/\/x.com\/agrar_info","https:\/\/www.instagram.com\/agrarinfo.ch\/","https:\/\/www.linkedin.com\/in\/agrarinfo-ch-8894342a0\/"]},{"@type":"Person","@id":"https:\/\/www.agrarinfo.ch\/de\/#\/schema\/person\/2559e6dbf037cb724f8654013d054440","name":"Christine H\u00fcrlimann","image":{"@type":"ImageObject","inLanguage":"de","@id":"https:\/\/www.agrarinfo.ch\/de\/#\/schema\/person\/image\/","url":"https:\/\/secure.gravatar.com\/avatar\/a505f4c4e973f03accee5b49697bcabcc559b5621a990cd4a07e07482a63d194?s=96&d=mm&r=g","contentUrl":"https:\/\/secure.gravatar.com\/avatar\/a505f4c4e973f03accee5b49697bcabcc559b5621a990cd4a07e07482a63d194?s=96&d=mm&r=g","caption":"Christine H\u00fcrlimann"}}]}},"builder_content":"<h1>Tiere<br\/><\/h1>\n<p>Rund ein Drittel des Agrarlandes ist nicht f\u00fcr den Ackerbau geeignet, kann aber als Weideland oder zum Futtermittelanbau f\u00fcr Pflanzenfresser genutzt werden.\u00a0 Tiere sind damit ein wichtiger Bestandteil des Kreislaufs der Natur.<\/p> <p>Eine artgerechte Zucht und den Tieren angepasste Haltung und Ern\u00e4hrung ist eine Grundvoraussetzung f\u00fcr ihre Gesundheit. Die industrielle Tierzucht und -haltung hingegen ist auch Zucht f\u00fcr multiresistente Erreger, die Epidemien ausl\u00f6sen k\u00f6nnen. Trotzdem wird dieses den Tieren unw\u00fcrdige System von internationalen Konzernen und durch Handelsabkommen gesch\u00fctzt und gef\u00f6rdert.<\/p>\n<a href=\"https:\/\/www.agrarinfo.ch\/de\/natur\/tiere\/tierhaltung\/\">\n Tierhaltung \n <\/a>\n<a href=\"https:\/\/www.agrarinfo.ch\/de\/natur\/tiere\/tierzucht\/\">\n Tierzucht \n <\/a>\n<a href=\"https:\/\/www.agrarinfo.ch\/de\/natur\/tiere\/tiergesundheit\/\">\n Tiergesundheit \n <\/a>\n<h2 style=\"text-align: center;\"><em>\u00ab Weh dem Menschen, wenn nur ein einziges Tier im Weltgericht sitzt \u00bb<\/em><\/h2> <p style=\"text-align: right;\">(Christian Morgenstern<a href=\"https:\/\/gutezitate.com\/zitat\/156505\" target=\"_blank\" rel=\"noopener\">\u21b5<\/a>)<\/p>","_links":{"self":[{"href":"https:\/\/www.agrarinfo.ch\/de\/wp-json\/wp\/v2\/pages\/4789","targetHints":{"allow":["GET"]}}],"collection":[{"href":"https:\/\/www.agrarinfo.ch\/de\/wp-json\/wp\/v2\/pages"}],"about":[{"href":"https:\/\/www.agrarinfo.ch\/de\/wp-json\/wp\/v2\/types\/page"}],"author":[{"embeddable":true,"href":"https:\/\/www.agrarinfo.ch\/de\/wp-json\/wp\/v2\/users\/3"}],"replies":[{"embeddable":true,"href":"https:\/\/www.agrarinfo.ch\/de\/wp-json\/wp\/v2\/comments?post=4789"}],"version-history":[{"count":28,"href":"https:\/\/www.agrarinfo.ch\/de\/wp-json\/wp\/v2\/pages\/4789\/revisions"}],"predecessor-version":[{"id":9827,"href":"https:\/\/www.agrarinfo.ch\/de\/wp-json\/wp\/v2\/pages\/4789\/revisions\/9827"}],"up":[{"embeddable":true,"href":"https:\/\/www.agrarinfo.ch\/de\/wp-json\/wp\/v2\/pages\/4275"}],"wp:attachment":[{"href":"https:\/\/www.agrarinfo.ch\/de\/wp-json\/wp\/v2\/media?parent=4789"}],"curies":[{"name":"wp","href":"https:\/\/api.w.org\/{rel}","templated":true}]}}