{"id":4805,"date":"2021-08-27T19:16:22","date_gmt":"2021-08-27T17:16:22","guid":{"rendered":"https:\/\/www.agrarinfo.ch\/?page_id=4805"},"modified":"2022-09-22T23:28:02","modified_gmt":"2022-09-22T21:28:02","slug":"umwelt","status":"publish","type":"page","link":"https:\/\/www.agrarinfo.ch\/de\/natur\/umwelt\/","title":{"rendered":"Umwelt"},"content":{"rendered":"<!--themify_builder_content-->\n<div id=\"themify_builder_content-4805\" data-postid=\"4805\" class=\"themify_builder_content themify_builder_content-4805 themify_builder tf_clear\">\n    \t\t\t\t<!-- module_row -->\n\t\t<div  data-lazy=\"1\" class=\"module_row themify_builder_row tb_doy9201 tb_first tf_w tf_clearfix\">\n\t\t<div class=\"builder_row_cover tf_abs\"><\/div>\t\t\t<div class=\"row_inner gutter-narrow col_align_top tb_col_count_1 tf_box tf_rel\">\n\t\t\t\t\t<div  data-lazy=\"1\" class=\"module_column tb-column col-full tb_s1zi203 first\">\n\t\t\t\t\t\t\t\t\t<div class=\"tb-column-inner tf_box tf_w\">\n\t\t\t\t<!-- module fancy heading -->\n<div  class=\"module module-fancy-heading tb_jyw0204  tb_hide_divider\" data-lazy=\"1\">\n\t    <h1 class=\"fancy-heading tf_textl\">\n    <span class=\"main-head tf_block\">\n\t\t\t\t\tUmwelt\t\t    <\/span>\n\n\t\n    <span class=\"sub-head tf_block tf_rel\">\n\t\t\t\t\t\t\t    <\/span>\n    <\/h1>\n<\/div>\n<!-- \/module fancy heading -->\n<!-- module text -->\n<div  class=\"module module-text tb_8rzo204   \" data-lazy=\"1\">\n        <div  class=\"tb_text_wrap\">\n    <p>Die Ausbeutung der Natur hat bereits heute erhebliche Folgen. Die Umwelt reagiert, die \u201eKlimakatastrophen\u201c h\u00e4ufen sich. <a href=\"https:\/\/disasterphilanthropy.org\/blog\/other\/what-were-watching-weekly-disaster-update\/\" target=\"_blank\" rel=\"noopener\">(disasterphilantrophy.org \u21b5)<\/a><\/p>\n<p>Die industrielle Landwirtschaft ist, gleich nach der Bauindustrie, f\u00fcr die meisten der Umweltsch\u00e4den verantwortlich: nebst den vieldiskutierten Treibhausgasemissionen vergiftet sie Boden und\u00a0 Wasser. \u00a0\u00a0<\/p>\n<p>Ist es das Ziel, die Erde l\u00e4ngerfristig f\u00fcr die Menschen lebbar zu behalten, muss nicht die Natur privatisiert, sondern die Umweltbelastung der Ern\u00e4hrungswirtschaft drastisch reduziert werden.<\/p>    <\/div>\n<\/div>\n<!-- \/module text -->\t\t\t\t<\/div><!-- .tb-column-inner -->\n\t\t\t\t\t\t<\/div><!-- .module_column -->\n\t\t\t\t\t\t<\/div><!-- .row_inner -->\n\t\t<\/div><!-- .module_row -->\n\t\t\t\t\t\t\t\t<!-- module_row -->\n\t\t<div  data-lazy=\"1\" class=\"module_row themify_builder_row tb_4541681 tf_w tf_clearfix\">\n\t\t\t\t\t<div class=\"row_inner col_align_top tb_col_count_1 tf_box tf_rel\">\n\t\t\t\t\t<div  data-lazy=\"1\" class=\"module_column tb-column col-full tb_h5l0682 first\">\n\t\t\t\t\t\t\t\t\t<div class=\"tb-column-inner tf_box tf_w\">\n\t\t\t\t<!-- module text -->\n<div  class=\"module module-text tb_q1y3682   \" data-lazy=\"1\">\n        <div  class=\"tb_text_wrap\">\n    <h2 style=\"text-align: center;\"><em><span style=\"color: #333333;\">\u00ab<\/span><strong>Wenn wir keinen Planeten mehr haben, geht es der Wirtschaft nicht gut.<\/strong><span style=\"color: #333333;\">\u00bb<\/span><\/em><\/h2>\n<p style=\"text-align: right;\"><em>(Albert \u201aAl\u2018 Gore, zitiert auf\u00a0 careelite de<\/em><em>)<\/em><\/p>    <\/div>\n<\/div>\n<!-- \/module text -->\t\t\t\t<\/div><!-- .tb-column-inner -->\n\t\t\t\t\t\t<\/div><!-- .module_column -->\n\t\t\t\t\t\t<\/div><!-- .row_inner -->\n\t\t<\/div><!-- .module_row -->\n\t\t\t\t<\/div>\n<!--\/themify_builder_content-->","protected":false},"excerpt":{"rendered":"<p>Umwelt Die Ausbeutung der Natur hat bereits heute erhebliche Folgen. Die Umwelt reagiert, die \u201eKlimakatastrophen\u201c h\u00e4ufen sich. (disasterphilantrophy.org \u21b5) Die industrielle Landwirtschaft ist, gleich nach der Bauindustrie, f\u00fcr die meisten der Umweltsch\u00e4den verantwortlich: nebst den vieldiskutierten Treibhausgasemissionen vergiftet sie Boden und\u00a0 Wasser. \u00a0\u00a0 Ist es das Ziel, die Erde l\u00e4ngerfristig f\u00fcr die Menschen lebbar zu [&hellip;]<\/p>\n","protected":false},"author":3,"featured_media":0,"parent":4275,"menu_order":0,"comment_status":"closed","ping_status":"closed","template":"","meta":{"footnotes":""},"class_list":["post-4805","page","type-page","status-publish","hentry","has-post-title","has-post-date","has-post-category","has-post-tag","has-post-comment","has-post-author",""],"yoast_head":"<!-- This site is optimized with the Yoast SEO plugin v23.8 - https:\/\/yoast.com\/wordpress\/plugins\/seo\/ -->\n<title>Umwelt - Agrarinfo<\/title>\n<meta name=\"robots\" content=\"index, follow, max-snippet:-1, max-image-preview:large, max-video-preview:-1\" \/>\n<link rel=\"canonical\" href=\"https:\/\/www.agrarinfo.ch\/de\/natur\/umwelt\/\" \/>\n<meta property=\"og:locale\" content=\"de_DE\" \/>\n<meta property=\"og:type\" content=\"article\" \/>\n<meta property=\"og:title\" content=\"Umwelt - Agrarinfo\" \/>\n<meta property=\"og:description\" content=\"Umwelt Die Ausbeutung der Natur hat bereits heute erhebliche Folgen. Die Umwelt reagiert, die \u201eKlimakatastrophen\u201c h\u00e4ufen sich. (disasterphilantrophy.org \u21b5) Die industrielle Landwirtschaft ist, gleich nach der Bauindustrie, f\u00fcr die meisten der Umweltsch\u00e4den verantwortlich: nebst den vieldiskutierten Treibhausgasemissionen vergiftet sie Boden und\u00a0 Wasser. \u00a0\u00a0 Ist es das Ziel, die Erde l\u00e4ngerfristig f\u00fcr die Menschen lebbar zu [&hellip;]\" \/>\n<meta property=\"og:url\" content=\"https:\/\/www.agrarinfo.ch\/de\/natur\/umwelt\/\" \/>\n<meta property=\"og:site_name\" content=\"Agrarinfo\" \/>\n<meta property=\"article:publisher\" content=\"https:\/\/www.facebook.com\/agrarinfo.ch\" \/>\n<meta property=\"article:modified_time\" content=\"2022-09-22T21:28:02+00:00\" \/>\n<meta property=\"og:image\" content=\"https:\/\/www.agrarinfo.ch\/wp-content\/uploads\/sites\/2\/2021\/12\/headerAgrarInfo_665-1.jpg\" \/>\n\t<meta property=\"og:image:width\" content=\"665\" \/>\n\t<meta property=\"og:image:height\" content=\"220\" \/>\n\t<meta property=\"og:image:type\" content=\"image\/jpeg\" \/>\n<meta name=\"twitter:card\" content=\"summary_large_image\" \/>\n<meta name=\"twitter:site\" content=\"@agrar_info\" \/>\n<script type=\"application\/ld+json\" class=\"yoast-schema-graph\">{\"@context\":\"https:\/\/schema.org\",\"@graph\":[{\"@type\":\"Article\",\"@id\":\"https:\/\/www.agrarinfo.ch\/de\/natur\/umwelt\/#article\",\"isPartOf\":{\"@id\":\"https:\/\/www.agrarinfo.ch\/de\/natur\/umwelt\/\"},\"author\":{\"name\":\"Christine H\u00fcrlimann\",\"@id\":\"https:\/\/www.agrarinfo.ch\/de\/#\/schema\/person\/2559e6dbf037cb724f8654013d054440\"},\"headline\":\"Umwelt\",\"datePublished\":\"2021-08-27T17:16:22+00:00\",\"dateModified\":\"2022-09-22T21:28:02+00:00\",\"mainEntityOfPage\":{\"@id\":\"https:\/\/www.agrarinfo.ch\/de\/natur\/umwelt\/\"},\"wordCount\":97,\"publisher\":{\"@id\":\"https:\/\/www.agrarinfo.ch\/de\/#organization\"},\"inLanguage\":\"de\"},{\"@type\":\"WebPage\",\"@id\":\"https:\/\/www.agrarinfo.ch\/de\/natur\/umwelt\/\",\"url\":\"https:\/\/www.agrarinfo.ch\/de\/natur\/umwelt\/\",\"name\":\"Umwelt - Agrarinfo\",\"isPartOf\":{\"@id\":\"https:\/\/www.agrarinfo.ch\/de\/#website\"},\"datePublished\":\"2021-08-27T17:16:22+00:00\",\"dateModified\":\"2022-09-22T21:28:02+00:00\",\"breadcrumb\":{\"@id\":\"https:\/\/www.agrarinfo.ch\/de\/natur\/umwelt\/#breadcrumb\"},\"inLanguage\":\"de\",\"potentialAction\":[{\"@type\":\"ReadAction\",\"target\":[\"https:\/\/www.agrarinfo.ch\/de\/natur\/umwelt\/\"]}]},{\"@type\":\"BreadcrumbList\",\"@id\":\"https:\/\/www.agrarinfo.ch\/de\/natur\/umwelt\/#breadcrumb\",\"itemListElement\":[{\"@type\":\"ListItem\",\"position\":1,\"name\":\"Accueil\",\"item\":\"https:\/\/www.agrarinfo.ch\/de\/\"},{\"@type\":\"ListItem\",\"position\":2,\"name\":\"Natur\",\"item\":\"https:\/\/www.agrarinfo.ch\/de\/natur\/\"},{\"@type\":\"ListItem\",\"position\":3,\"name\":\"Umwelt\"}]},{\"@type\":\"WebSite\",\"@id\":\"https:\/\/www.agrarinfo.ch\/de\/#website\",\"url\":\"https:\/\/www.agrarinfo.ch\/de\/\",\"name\":\"Agrarinfo\",\"description\":\"Just another bienvu.ch site\",\"publisher\":{\"@id\":\"https:\/\/www.agrarinfo.ch\/de\/#organization\"},\"potentialAction\":[{\"@type\":\"SearchAction\",\"target\":{\"@type\":\"EntryPoint\",\"urlTemplate\":\"https:\/\/www.agrarinfo.ch\/de\/?s={search_term_string}\"},\"query-input\":{\"@type\":\"PropertyValueSpecification\",\"valueRequired\":true,\"valueName\":\"search_term_string\"}}],\"inLanguage\":\"de\"},{\"@type\":\"Organization\",\"@id\":\"https:\/\/www.agrarinfo.ch\/de\/#organization\",\"name\":\"agrarinfo.ch\",\"alternateName\":\"agrarinfo.ch\",\"url\":\"https:\/\/www.agrarinfo.ch\/de\/\",\"logo\":{\"@type\":\"ImageObject\",\"inLanguage\":\"de\",\"@id\":\"https:\/\/www.agrarinfo.ch\/de\/#\/schema\/logo\/image\/\",\"url\":\"https:\/\/www.agrarinfo.ch\/wp-content\/uploads\/sites\/2\/2024\/03\/agrarinfo_A_quadrat.jpg\",\"contentUrl\":\"https:\/\/www.agrarinfo.ch\/wp-content\/uploads\/sites\/2\/2024\/03\/agrarinfo_A_quadrat.jpg\",\"width\":1107,\"height\":1105,\"caption\":\"agrarinfo.ch\"},\"image\":{\"@id\":\"https:\/\/www.agrarinfo.ch\/de\/#\/schema\/logo\/image\/\"},\"sameAs\":[\"https:\/\/www.facebook.com\/agrarinfo.ch\",\"https:\/\/x.com\/agrar_info\",\"https:\/\/www.instagram.com\/agrarinfo.ch\/\",\"https:\/\/www.linkedin.com\/in\/agrarinfo-ch-8894342a0\/\"]},{\"@type\":\"Person\",\"@id\":\"https:\/\/www.agrarinfo.ch\/de\/#\/schema\/person\/2559e6dbf037cb724f8654013d054440\",\"name\":\"Christine H\u00fcrlimann\",\"image\":{\"@type\":\"ImageObject\",\"inLanguage\":\"de\",\"@id\":\"https:\/\/www.agrarinfo.ch\/de\/#\/schema\/person\/image\/\",\"url\":\"https:\/\/secure.gravatar.com\/avatar\/a505f4c4e973f03accee5b49697bcabcc559b5621a990cd4a07e07482a63d194?s=96&d=mm&r=g\",\"contentUrl\":\"https:\/\/secure.gravatar.com\/avatar\/a505f4c4e973f03accee5b49697bcabcc559b5621a990cd4a07e07482a63d194?s=96&d=mm&r=g\",\"caption\":\"Christine H\u00fcrlimann\"}}]}<\/script>\n<!-- \/ Yoast SEO plugin. -->","yoast_head_json":{"title":"Umwelt - Agrarinfo","robots":{"index":"index","follow":"follow","max-snippet":"max-snippet:-1","max-image-preview":"max-image-preview:large","max-video-preview":"max-video-preview:-1"},"canonical":"https:\/\/www.agrarinfo.ch\/de\/natur\/umwelt\/","og_locale":"de_DE","og_type":"article","og_title":"Umwelt - Agrarinfo","og_description":"Umwelt Die Ausbeutung der Natur hat bereits heute erhebliche Folgen. Die Umwelt reagiert, die \u201eKlimakatastrophen\u201c h\u00e4ufen sich. (disasterphilantrophy.org \u21b5) Die industrielle Landwirtschaft ist, gleich nach der Bauindustrie, f\u00fcr die meisten der Umweltsch\u00e4den verantwortlich: nebst den vieldiskutierten Treibhausgasemissionen vergiftet sie Boden und\u00a0 Wasser. \u00a0\u00a0 Ist es das Ziel, die Erde l\u00e4ngerfristig f\u00fcr die Menschen lebbar zu [&hellip;]","og_url":"https:\/\/www.agrarinfo.ch\/de\/natur\/umwelt\/","og_site_name":"Agrarinfo","article_publisher":"https:\/\/www.facebook.com\/agrarinfo.ch","article_modified_time":"2022-09-22T21:28:02+00:00","og_image":[{"width":665,"height":220,"url":"https:\/\/www.agrarinfo.ch\/wp-content\/uploads\/sites\/2\/2021\/12\/headerAgrarInfo_665-1.jpg","type":"image\/jpeg"}],"twitter_card":"summary_large_image","twitter_site":"@agrar_info","schema":{"@context":"https:\/\/schema.org","@graph":[{"@type":"Article","@id":"https:\/\/www.agrarinfo.ch\/de\/natur\/umwelt\/#article","isPartOf":{"@id":"https:\/\/www.agrarinfo.ch\/de\/natur\/umwelt\/"},"author":{"name":"Christine H\u00fcrlimann","@id":"https:\/\/www.agrarinfo.ch\/de\/#\/schema\/person\/2559e6dbf037cb724f8654013d054440"},"headline":"Umwelt","datePublished":"2021-08-27T17:16:22+00:00","dateModified":"2022-09-22T21:28:02+00:00","mainEntityOfPage":{"@id":"https:\/\/www.agrarinfo.ch\/de\/natur\/umwelt\/"},"wordCount":97,"publisher":{"@id":"https:\/\/www.agrarinfo.ch\/de\/#organization"},"inLanguage":"de"},{"@type":"WebPage","@id":"https:\/\/www.agrarinfo.ch\/de\/natur\/umwelt\/","url":"https:\/\/www.agrarinfo.ch\/de\/natur\/umwelt\/","name":"Umwelt - Agrarinfo","isPartOf":{"@id":"https:\/\/www.agrarinfo.ch\/de\/#website"},"datePublished":"2021-08-27T17:16:22+00:00","dateModified":"2022-09-22T21:28:02+00:00","breadcrumb":{"@id":"https:\/\/www.agrarinfo.ch\/de\/natur\/umwelt\/#breadcrumb"},"inLanguage":"de","potentialAction":[{"@type":"ReadAction","target":["https:\/\/www.agrarinfo.ch\/de\/natur\/umwelt\/"]}]},{"@type":"BreadcrumbList","@id":"https:\/\/www.agrarinfo.ch\/de\/natur\/umwelt\/#breadcrumb","itemListElement":[{"@type":"ListItem","position":1,"name":"Accueil","item":"https:\/\/www.agrarinfo.ch\/de\/"},{"@type":"ListItem","position":2,"name":"Natur","item":"https:\/\/www.agrarinfo.ch\/de\/natur\/"},{"@type":"ListItem","position":3,"name":"Umwelt"}]},{"@type":"WebSite","@id":"https:\/\/www.agrarinfo.ch\/de\/#website","url":"https:\/\/www.agrarinfo.ch\/de\/","name":"Agrarinfo","description":"Just another bienvu.ch site","publisher":{"@id":"https:\/\/www.agrarinfo.ch\/de\/#organization"},"potentialAction":[{"@type":"SearchAction","target":{"@type":"EntryPoint","urlTemplate":"https:\/\/www.agrarinfo.ch\/de\/?s={search_term_string}"},"query-input":{"@type":"PropertyValueSpecification","valueRequired":true,"valueName":"search_term_string"}}],"inLanguage":"de"},{"@type":"Organization","@id":"https:\/\/www.agrarinfo.ch\/de\/#organization","name":"agrarinfo.ch","alternateName":"agrarinfo.ch","url":"https:\/\/www.agrarinfo.ch\/de\/","logo":{"@type":"ImageObject","inLanguage":"de","@id":"https:\/\/www.agrarinfo.ch\/de\/#\/schema\/logo\/image\/","url":"https:\/\/www.agrarinfo.ch\/wp-content\/uploads\/sites\/2\/2024\/03\/agrarinfo_A_quadrat.jpg","contentUrl":"https:\/\/www.agrarinfo.ch\/wp-content\/uploads\/sites\/2\/2024\/03\/agrarinfo_A_quadrat.jpg","width":1107,"height":1105,"caption":"agrarinfo.ch"},"image":{"@id":"https:\/\/www.agrarinfo.ch\/de\/#\/schema\/logo\/image\/"},"sameAs":["https:\/\/www.facebook.com\/agrarinfo.ch","https:\/\/x.com\/agrar_info","https:\/\/www.instagram.com\/agrarinfo.ch\/","https:\/\/www.linkedin.com\/in\/agrarinfo-ch-8894342a0\/"]},{"@type":"Person","@id":"https:\/\/www.agrarinfo.ch\/de\/#\/schema\/person\/2559e6dbf037cb724f8654013d054440","name":"Christine H\u00fcrlimann","image":{"@type":"ImageObject","inLanguage":"de","@id":"https:\/\/www.agrarinfo.ch\/de\/#\/schema\/person\/image\/","url":"https:\/\/secure.gravatar.com\/avatar\/a505f4c4e973f03accee5b49697bcabcc559b5621a990cd4a07e07482a63d194?s=96&d=mm&r=g","contentUrl":"https:\/\/secure.gravatar.com\/avatar\/a505f4c4e973f03accee5b49697bcabcc559b5621a990cd4a07e07482a63d194?s=96&d=mm&r=g","caption":"Christine H\u00fcrlimann"}}]}},"builder_content":"<h1>Umwelt<br\/><\/h1>\n<p>Die Ausbeutung der Natur hat bereits heute erhebliche Folgen. Die Umwelt reagiert, die \u201eKlimakatastrophen\u201c h\u00e4ufen sich. <a href=\"https:\/\/disasterphilanthropy.org\/blog\/other\/what-were-watching-weekly-disaster-update\/\" target=\"_blank\" rel=\"noopener\">(disasterphilantrophy.org \u21b5)<\/a><\/p> <p>Die industrielle Landwirtschaft ist, gleich nach der Bauindustrie, f\u00fcr die meisten der Umweltsch\u00e4den verantwortlich: nebst den vieldiskutierten Treibhausgasemissionen vergiftet sie Boden und\u00a0 Wasser. \u00a0\u00a0<\/p> <p>Ist es das Ziel, die Erde l\u00e4ngerfristig f\u00fcr die Menschen lebbar zu behalten, muss nicht die Natur privatisiert, sondern die Umweltbelastung der Ern\u00e4hrungswirtschaft drastisch reduziert werden.<\/p>\n<a href=\"https:\/\/www.agrarinfo.ch\/de\/natur\/umwelt\/luft\/\">\n Luft \n <\/a>\n<a href=\"https:\/\/www.agrarinfo.ch\/de\/natur\/umwelt\/boden\/\">\n Boden \n <\/a>\n<a href=\"https:\/\/www.agrarinfo.ch\/de\/natur\/umwelt\/wasser\/\">\n Wasser \n <\/a>\n<h2 style=\"text-align: center;\"><em>\u00ab<strong>Wenn wir keinen Planeten mehr haben, geht es der Wirtschaft nicht gut.<\/strong>\u00bb<\/em><\/h2> <p style=\"text-align: right;\"><em>(Albert \u201aAl\u2018 Gore, zitiert auf\u00a0 careelite de<\/em><em>)<\/em><\/p>","_links":{"self":[{"href":"https:\/\/www.agrarinfo.ch\/de\/wp-json\/wp\/v2\/pages\/4805","targetHints":{"allow":["GET"]}}],"collection":[{"href":"https:\/\/www.agrarinfo.ch\/de\/wp-json\/wp\/v2\/pages"}],"about":[{"href":"https:\/\/www.agrarinfo.ch\/de\/wp-json\/wp\/v2\/types\/page"}],"author":[{"embeddable":true,"href":"https:\/\/www.agrarinfo.ch\/de\/wp-json\/wp\/v2\/users\/3"}],"replies":[{"embeddable":true,"href":"https:\/\/www.agrarinfo.ch\/de\/wp-json\/wp\/v2\/comments?post=4805"}],"version-history":[{"count":20,"href":"https:\/\/www.agrarinfo.ch\/de\/wp-json\/wp\/v2\/pages\/4805\/revisions"}],"predecessor-version":[{"id":9829,"href":"https:\/\/www.agrarinfo.ch\/de\/wp-json\/wp\/v2\/pages\/4805\/revisions\/9829"}],"up":[{"embeddable":true,"href":"https:\/\/www.agrarinfo.ch\/de\/wp-json\/wp\/v2\/pages\/4275"}],"wp:attachment":[{"href":"https:\/\/www.agrarinfo.ch\/de\/wp-json\/wp\/v2\/media?parent=4805"}],"curies":[{"name":"wp","href":"https:\/\/api.w.org\/{rel}","templated":true}]}}