{"id":4952,"date":"2021-08-30T19:25:18","date_gmt":"2021-08-30T17:25:18","guid":{"rendered":"https:\/\/www.agrarinfo.ch\/?page_id=4952"},"modified":"2022-09-22T23:45:30","modified_gmt":"2022-09-22T21:45:30","slug":"wirtschaft","status":"publish","type":"page","link":"https:\/\/www.agrarinfo.ch\/de\/gesellschaft\/wirtschaft\/","title":{"rendered":"Wirtschaft"},"content":{"rendered":"<!--themify_builder_content-->\n<div id=\"themify_builder_content-4952\" data-postid=\"4952\" class=\"themify_builder_content themify_builder_content-4952 themify_builder tf_clear\">\n    \t\t\t\t<!-- module_row -->\n\t\t<div  data-lazy=\"1\" class=\"module_row themify_builder_row tb_ct2e347 tb_first tf_w tf_clearfix\">\n\t\t<div class=\"builder_row_cover tf_abs\"><\/div>\t\t\t<div class=\"row_inner gutter-narrow col_align_top tb_col_count_1 tf_box tf_rel\">\n\t\t\t\t\t<div  data-lazy=\"1\" class=\"module_column tb-column col-full tb_d8im349 first\">\n\t\t\t\t\t\t\t\t\t<div class=\"tb-column-inner tf_box tf_w\">\n\t\t\t\t<!-- module fancy heading -->\n<div  class=\"module module-fancy-heading tb_8fjx896  tb_hide_divider\" data-lazy=\"1\">\n\t    <h1 class=\"fancy-heading tf_textl\">\n    <span class=\"main-head tf_block\">\n\t\t\t\t\tWirtschaft\t\t    <\/span>\n\n\t\n    <span class=\"sub-head tf_block tf_rel\">\n\t\t\t\t\t\t\t    <\/span>\n    <\/h1>\n<\/div>\n<!-- \/module fancy heading -->\n<!-- module text -->\n<div  class=\"module module-text tb_8uv2646   \" data-lazy=\"1\">\n        <div  class=\"tb_text_wrap\">\n    <p>Schon ein halbes Jahrhundert ist es her, seit die \u201eGrenzen des Wachstums\u201c ver\u00f6ffentlicht wurden. Unser Ignorieren der Natur f\u00fchrt zu Erderhitzung und immer h\u00e4ufiger und extremer werdenden Klimakatastrophen. Politik und Wirtschaft schlagen Zukunftsszenarien vor, deren Umsetzung eine Privatisierung der Natur beg\u00fcnstigt und die Menschenrechte gef\u00e4hrdet.<\/p>\n<p>Die Debatte \u00fcber die Privatisierung von Wasser und Boden und damit die Konzentration rund um die Nahrungsmittelproduktion betrifft also die Gesamtgesellschaft.<\/p>    <\/div>\n<\/div>\n<!-- \/module text -->\t\t\t\t<\/div><!-- .tb-column-inner -->\n\t\t\t\t\t\t<\/div><!-- .module_column -->\n\t\t\t\t\t\t<\/div><!-- .row_inner -->\n\t\t<\/div><!-- .module_row -->\n\t\t\t\t\t\t\t\t<!-- module_row -->\n\t\t<div  data-lazy=\"1\" class=\"module_row themify_builder_row tb_xus1987 tf_w tf_clearfix\">\n\t\t\t\t\t<div class=\"row_inner col_align_top tb_col_count_1 tf_box tf_rel\">\n\t\t\t\t\t<div  data-lazy=\"1\" class=\"module_column tb-column col-full tb_8iti989 first\">\n\t\t\t\t\t\t\t\t\t<div class=\"tb-column-inner tf_box tf_w\">\n\t\t\t\t<!-- module text -->\n<div  class=\"module module-text tb_novv990   \" data-lazy=\"1\">\n        <div  class=\"tb_text_wrap\">\n    <h2 style=\"text-align: center;\"><em><span style=\"color: #333333;\">\u00ab<\/span>It needs Internationalism to fight globalization<span style=\"color: #333333;\">\u00bb<\/span><\/em><\/h2>\n<p style=\"text-align: right;\">Rob Wallace<\/p>    <\/div>\n<\/div>\n<!-- \/module text -->\t\t\t\t<\/div><!-- .tb-column-inner -->\n\t\t\t\t\t\t<\/div><!-- .module_column -->\n\t\t\t\t\t\t<\/div><!-- .row_inner -->\n\t\t<\/div><!-- .module_row -->\n\t\t\t\t<\/div>\n<!--\/themify_builder_content-->","protected":false},"excerpt":{"rendered":"<p>Wirtschaft Schon ein halbes Jahrhundert ist es her, seit die \u201eGrenzen des Wachstums\u201c ver\u00f6ffentlicht wurden. Unser Ignorieren der Natur f\u00fchrt zu Erderhitzung und immer h\u00e4ufiger und extremer werdenden Klimakatastrophen. Politik und Wirtschaft schlagen Zukunftsszenarien vor, deren Umsetzung eine Privatisierung der Natur beg\u00fcnstigt und die Menschenrechte gef\u00e4hrdet. Die Debatte \u00fcber die Privatisierung von Wasser und Boden [&hellip;]<\/p>\n","protected":false},"author":3,"featured_media":0,"parent":4473,"menu_order":0,"comment_status":"closed","ping_status":"closed","template":"","meta":{"footnotes":""},"class_list":["post-4952","page","type-page","status-publish","hentry","has-post-title","has-post-date","has-post-category","has-post-tag","has-post-comment","has-post-author",""],"yoast_head":"<!-- This site is optimized with the Yoast SEO plugin v23.8 - https:\/\/yoast.com\/wordpress\/plugins\/seo\/ -->\n<title>Wirtschaft - Agrarinfo<\/title>\n<meta name=\"robots\" content=\"index, follow, max-snippet:-1, max-image-preview:large, max-video-preview:-1\" \/>\n<link rel=\"canonical\" href=\"https:\/\/www.agrarinfo.ch\/de\/gesellschaft\/wirtschaft\/\" \/>\n<meta property=\"og:locale\" content=\"de_DE\" \/>\n<meta property=\"og:type\" content=\"article\" \/>\n<meta property=\"og:title\" content=\"Wirtschaft - Agrarinfo\" \/>\n<meta property=\"og:description\" content=\"Wirtschaft Schon ein halbes Jahrhundert ist es her, seit die \u201eGrenzen des Wachstums\u201c ver\u00f6ffentlicht wurden. Unser Ignorieren der Natur f\u00fchrt zu Erderhitzung und immer h\u00e4ufiger und extremer werdenden Klimakatastrophen. Politik und Wirtschaft schlagen Zukunftsszenarien vor, deren Umsetzung eine Privatisierung der Natur beg\u00fcnstigt und die Menschenrechte gef\u00e4hrdet. Die Debatte \u00fcber die Privatisierung von Wasser und Boden [&hellip;]\" \/>\n<meta property=\"og:url\" content=\"https:\/\/www.agrarinfo.ch\/de\/gesellschaft\/wirtschaft\/\" \/>\n<meta property=\"og:site_name\" content=\"Agrarinfo\" \/>\n<meta property=\"article:publisher\" content=\"https:\/\/www.facebook.com\/agrarinfo.ch\" \/>\n<meta property=\"article:modified_time\" content=\"2022-09-22T21:45:30+00:00\" \/>\n<meta property=\"og:image\" content=\"https:\/\/www.agrarinfo.ch\/wp-content\/uploads\/sites\/2\/2021\/12\/headerAgrarInfo_665-1.jpg\" \/>\n\t<meta property=\"og:image:width\" content=\"665\" \/>\n\t<meta property=\"og:image:height\" content=\"220\" \/>\n\t<meta property=\"og:image:type\" content=\"image\/jpeg\" \/>\n<meta name=\"twitter:card\" content=\"summary_large_image\" \/>\n<meta name=\"twitter:site\" content=\"@agrar_info\" \/>\n<script type=\"application\/ld+json\" class=\"yoast-schema-graph\">{\"@context\":\"https:\/\/schema.org\",\"@graph\":[{\"@type\":\"Article\",\"@id\":\"https:\/\/www.agrarinfo.ch\/de\/gesellschaft\/wirtschaft\/#article\",\"isPartOf\":{\"@id\":\"https:\/\/www.agrarinfo.ch\/de\/gesellschaft\/wirtschaft\/\"},\"author\":{\"name\":\"Christine H\u00fcrlimann\",\"@id\":\"https:\/\/www.agrarinfo.ch\/de\/#\/schema\/person\/2559e6dbf037cb724f8654013d054440\"},\"headline\":\"Wirtschaft\",\"datePublished\":\"2021-08-30T17:25:18+00:00\",\"dateModified\":\"2022-09-22T21:45:30+00:00\",\"mainEntityOfPage\":{\"@id\":\"https:\/\/www.agrarinfo.ch\/de\/gesellschaft\/wirtschaft\/\"},\"wordCount\":87,\"publisher\":{\"@id\":\"https:\/\/www.agrarinfo.ch\/de\/#organization\"},\"inLanguage\":\"de\"},{\"@type\":\"WebPage\",\"@id\":\"https:\/\/www.agrarinfo.ch\/de\/gesellschaft\/wirtschaft\/\",\"url\":\"https:\/\/www.agrarinfo.ch\/de\/gesellschaft\/wirtschaft\/\",\"name\":\"Wirtschaft - Agrarinfo\",\"isPartOf\":{\"@id\":\"https:\/\/www.agrarinfo.ch\/de\/#website\"},\"datePublished\":\"2021-08-30T17:25:18+00:00\",\"dateModified\":\"2022-09-22T21:45:30+00:00\",\"breadcrumb\":{\"@id\":\"https:\/\/www.agrarinfo.ch\/de\/gesellschaft\/wirtschaft\/#breadcrumb\"},\"inLanguage\":\"de\",\"potentialAction\":[{\"@type\":\"ReadAction\",\"target\":[\"https:\/\/www.agrarinfo.ch\/de\/gesellschaft\/wirtschaft\/\"]}]},{\"@type\":\"BreadcrumbList\",\"@id\":\"https:\/\/www.agrarinfo.ch\/de\/gesellschaft\/wirtschaft\/#breadcrumb\",\"itemListElement\":[{\"@type\":\"ListItem\",\"position\":1,\"name\":\"Accueil\",\"item\":\"https:\/\/www.agrarinfo.ch\/de\/\"},{\"@type\":\"ListItem\",\"position\":2,\"name\":\"Gesellschaft\",\"item\":\"https:\/\/www.agrarinfo.ch\/de\/gesellschaft\/\"},{\"@type\":\"ListItem\",\"position\":3,\"name\":\"Wirtschaft\"}]},{\"@type\":\"WebSite\",\"@id\":\"https:\/\/www.agrarinfo.ch\/de\/#website\",\"url\":\"https:\/\/www.agrarinfo.ch\/de\/\",\"name\":\"Agrarinfo\",\"description\":\"Just another bienvu.ch site\",\"publisher\":{\"@id\":\"https:\/\/www.agrarinfo.ch\/de\/#organization\"},\"potentialAction\":[{\"@type\":\"SearchAction\",\"target\":{\"@type\":\"EntryPoint\",\"urlTemplate\":\"https:\/\/www.agrarinfo.ch\/de\/?s={search_term_string}\"},\"query-input\":{\"@type\":\"PropertyValueSpecification\",\"valueRequired\":true,\"valueName\":\"search_term_string\"}}],\"inLanguage\":\"de\"},{\"@type\":\"Organization\",\"@id\":\"https:\/\/www.agrarinfo.ch\/de\/#organization\",\"name\":\"agrarinfo.ch\",\"alternateName\":\"agrarinfo.ch\",\"url\":\"https:\/\/www.agrarinfo.ch\/de\/\",\"logo\":{\"@type\":\"ImageObject\",\"inLanguage\":\"de\",\"@id\":\"https:\/\/www.agrarinfo.ch\/de\/#\/schema\/logo\/image\/\",\"url\":\"https:\/\/www.agrarinfo.ch\/wp-content\/uploads\/sites\/2\/2024\/03\/agrarinfo_A_quadrat.jpg\",\"contentUrl\":\"https:\/\/www.agrarinfo.ch\/wp-content\/uploads\/sites\/2\/2024\/03\/agrarinfo_A_quadrat.jpg\",\"width\":1107,\"height\":1105,\"caption\":\"agrarinfo.ch\"},\"image\":{\"@id\":\"https:\/\/www.agrarinfo.ch\/de\/#\/schema\/logo\/image\/\"},\"sameAs\":[\"https:\/\/www.facebook.com\/agrarinfo.ch\",\"https:\/\/x.com\/agrar_info\",\"https:\/\/www.instagram.com\/agrarinfo.ch\/\",\"https:\/\/www.linkedin.com\/in\/agrarinfo-ch-8894342a0\/\"]},{\"@type\":\"Person\",\"@id\":\"https:\/\/www.agrarinfo.ch\/de\/#\/schema\/person\/2559e6dbf037cb724f8654013d054440\",\"name\":\"Christine H\u00fcrlimann\",\"image\":{\"@type\":\"ImageObject\",\"inLanguage\":\"de\",\"@id\":\"https:\/\/www.agrarinfo.ch\/de\/#\/schema\/person\/image\/\",\"url\":\"https:\/\/secure.gravatar.com\/avatar\/a505f4c4e973f03accee5b49697bcabcc559b5621a990cd4a07e07482a63d194?s=96&d=mm&r=g\",\"contentUrl\":\"https:\/\/secure.gravatar.com\/avatar\/a505f4c4e973f03accee5b49697bcabcc559b5621a990cd4a07e07482a63d194?s=96&d=mm&r=g\",\"caption\":\"Christine H\u00fcrlimann\"}}]}<\/script>\n<!-- \/ Yoast SEO plugin. -->","yoast_head_json":{"title":"Wirtschaft - Agrarinfo","robots":{"index":"index","follow":"follow","max-snippet":"max-snippet:-1","max-image-preview":"max-image-preview:large","max-video-preview":"max-video-preview:-1"},"canonical":"https:\/\/www.agrarinfo.ch\/de\/gesellschaft\/wirtschaft\/","og_locale":"de_DE","og_type":"article","og_title":"Wirtschaft - Agrarinfo","og_description":"Wirtschaft Schon ein halbes Jahrhundert ist es her, seit die \u201eGrenzen des Wachstums\u201c ver\u00f6ffentlicht wurden. Unser Ignorieren der Natur f\u00fchrt zu Erderhitzung und immer h\u00e4ufiger und extremer werdenden Klimakatastrophen. Politik und Wirtschaft schlagen Zukunftsszenarien vor, deren Umsetzung eine Privatisierung der Natur beg\u00fcnstigt und die Menschenrechte gef\u00e4hrdet. Die Debatte \u00fcber die Privatisierung von Wasser und Boden [&hellip;]","og_url":"https:\/\/www.agrarinfo.ch\/de\/gesellschaft\/wirtschaft\/","og_site_name":"Agrarinfo","article_publisher":"https:\/\/www.facebook.com\/agrarinfo.ch","article_modified_time":"2022-09-22T21:45:30+00:00","og_image":[{"width":665,"height":220,"url":"https:\/\/www.agrarinfo.ch\/wp-content\/uploads\/sites\/2\/2021\/12\/headerAgrarInfo_665-1.jpg","type":"image\/jpeg"}],"twitter_card":"summary_large_image","twitter_site":"@agrar_info","schema":{"@context":"https:\/\/schema.org","@graph":[{"@type":"Article","@id":"https:\/\/www.agrarinfo.ch\/de\/gesellschaft\/wirtschaft\/#article","isPartOf":{"@id":"https:\/\/www.agrarinfo.ch\/de\/gesellschaft\/wirtschaft\/"},"author":{"name":"Christine H\u00fcrlimann","@id":"https:\/\/www.agrarinfo.ch\/de\/#\/schema\/person\/2559e6dbf037cb724f8654013d054440"},"headline":"Wirtschaft","datePublished":"2021-08-30T17:25:18+00:00","dateModified":"2022-09-22T21:45:30+00:00","mainEntityOfPage":{"@id":"https:\/\/www.agrarinfo.ch\/de\/gesellschaft\/wirtschaft\/"},"wordCount":87,"publisher":{"@id":"https:\/\/www.agrarinfo.ch\/de\/#organization"},"inLanguage":"de"},{"@type":"WebPage","@id":"https:\/\/www.agrarinfo.ch\/de\/gesellschaft\/wirtschaft\/","url":"https:\/\/www.agrarinfo.ch\/de\/gesellschaft\/wirtschaft\/","name":"Wirtschaft - Agrarinfo","isPartOf":{"@id":"https:\/\/www.agrarinfo.ch\/de\/#website"},"datePublished":"2021-08-30T17:25:18+00:00","dateModified":"2022-09-22T21:45:30+00:00","breadcrumb":{"@id":"https:\/\/www.agrarinfo.ch\/de\/gesellschaft\/wirtschaft\/#breadcrumb"},"inLanguage":"de","potentialAction":[{"@type":"ReadAction","target":["https:\/\/www.agrarinfo.ch\/de\/gesellschaft\/wirtschaft\/"]}]},{"@type":"BreadcrumbList","@id":"https:\/\/www.agrarinfo.ch\/de\/gesellschaft\/wirtschaft\/#breadcrumb","itemListElement":[{"@type":"ListItem","position":1,"name":"Accueil","item":"https:\/\/www.agrarinfo.ch\/de\/"},{"@type":"ListItem","position":2,"name":"Gesellschaft","item":"https:\/\/www.agrarinfo.ch\/de\/gesellschaft\/"},{"@type":"ListItem","position":3,"name":"Wirtschaft"}]},{"@type":"WebSite","@id":"https:\/\/www.agrarinfo.ch\/de\/#website","url":"https:\/\/www.agrarinfo.ch\/de\/","name":"Agrarinfo","description":"Just another bienvu.ch site","publisher":{"@id":"https:\/\/www.agrarinfo.ch\/de\/#organization"},"potentialAction":[{"@type":"SearchAction","target":{"@type":"EntryPoint","urlTemplate":"https:\/\/www.agrarinfo.ch\/de\/?s={search_term_string}"},"query-input":{"@type":"PropertyValueSpecification","valueRequired":true,"valueName":"search_term_string"}}],"inLanguage":"de"},{"@type":"Organization","@id":"https:\/\/www.agrarinfo.ch\/de\/#organization","name":"agrarinfo.ch","alternateName":"agrarinfo.ch","url":"https:\/\/www.agrarinfo.ch\/de\/","logo":{"@type":"ImageObject","inLanguage":"de","@id":"https:\/\/www.agrarinfo.ch\/de\/#\/schema\/logo\/image\/","url":"https:\/\/www.agrarinfo.ch\/wp-content\/uploads\/sites\/2\/2024\/03\/agrarinfo_A_quadrat.jpg","contentUrl":"https:\/\/www.agrarinfo.ch\/wp-content\/uploads\/sites\/2\/2024\/03\/agrarinfo_A_quadrat.jpg","width":1107,"height":1105,"caption":"agrarinfo.ch"},"image":{"@id":"https:\/\/www.agrarinfo.ch\/de\/#\/schema\/logo\/image\/"},"sameAs":["https:\/\/www.facebook.com\/agrarinfo.ch","https:\/\/x.com\/agrar_info","https:\/\/www.instagram.com\/agrarinfo.ch\/","https:\/\/www.linkedin.com\/in\/agrarinfo-ch-8894342a0\/"]},{"@type":"Person","@id":"https:\/\/www.agrarinfo.ch\/de\/#\/schema\/person\/2559e6dbf037cb724f8654013d054440","name":"Christine H\u00fcrlimann","image":{"@type":"ImageObject","inLanguage":"de","@id":"https:\/\/www.agrarinfo.ch\/de\/#\/schema\/person\/image\/","url":"https:\/\/secure.gravatar.com\/avatar\/a505f4c4e973f03accee5b49697bcabcc559b5621a990cd4a07e07482a63d194?s=96&d=mm&r=g","contentUrl":"https:\/\/secure.gravatar.com\/avatar\/a505f4c4e973f03accee5b49697bcabcc559b5621a990cd4a07e07482a63d194?s=96&d=mm&r=g","caption":"Christine H\u00fcrlimann"}}]}},"builder_content":"<h1>Wirtschaft<br\/><\/h1>\n<p>Schon ein halbes Jahrhundert ist es her, seit die \u201eGrenzen des Wachstums\u201c ver\u00f6ffentlicht wurden. Unser Ignorieren der Natur f\u00fchrt zu Erderhitzung und immer h\u00e4ufiger und extremer werdenden Klimakatastrophen. Politik und Wirtschaft schlagen Zukunftsszenarien vor, deren Umsetzung eine Privatisierung der Natur beg\u00fcnstigt und die Menschenrechte gef\u00e4hrdet.<\/p> <p>Die Debatte \u00fcber die Privatisierung von Wasser und Boden und damit die Konzentration rund um die Nahrungsmittelproduktion betrifft also die Gesamtgesellschaft.<\/p>\n<a href=\"https:\/\/www.agrarinfo.ch\/de\/gesellschaft\/wirtschaft\/wertschoepfung\/\">\n Wertsch\u00f6pfung \n <\/a>\n<a href=\"https:\/\/www.agrarinfo.ch\/de\/gesellschaft\/wirtschaft\/international\/\">\n Freihandel \n <\/a>\n<a href=\"https:\/\/www.agrarinfo.ch\/de\/gesellschaft\/wirtschaft\/monopole-macht\/\">\n Monopole und Machtkonzentration \n <\/a>\n<h2 style=\"text-align: center;\"><em>\u00abIt needs Internationalism to fight globalization\u00bb<\/em><\/h2> <p style=\"text-align: right;\">Rob Wallace<\/p>","_links":{"self":[{"href":"https:\/\/www.agrarinfo.ch\/de\/wp-json\/wp\/v2\/pages\/4952","targetHints":{"allow":["GET"]}}],"collection":[{"href":"https:\/\/www.agrarinfo.ch\/de\/wp-json\/wp\/v2\/pages"}],"about":[{"href":"https:\/\/www.agrarinfo.ch\/de\/wp-json\/wp\/v2\/types\/page"}],"author":[{"embeddable":true,"href":"https:\/\/www.agrarinfo.ch\/de\/wp-json\/wp\/v2\/users\/3"}],"replies":[{"embeddable":true,"href":"https:\/\/www.agrarinfo.ch\/de\/wp-json\/wp\/v2\/comments?post=4952"}],"version-history":[{"count":20,"href":"https:\/\/www.agrarinfo.ch\/de\/wp-json\/wp\/v2\/pages\/4952\/revisions"}],"predecessor-version":[{"id":9834,"href":"https:\/\/www.agrarinfo.ch\/de\/wp-json\/wp\/v2\/pages\/4952\/revisions\/9834"}],"up":[{"embeddable":true,"href":"https:\/\/www.agrarinfo.ch\/de\/wp-json\/wp\/v2\/pages\/4473"}],"wp:attachment":[{"href":"https:\/\/www.agrarinfo.ch\/de\/wp-json\/wp\/v2\/media?parent=4952"}],"curies":[{"name":"wp","href":"https:\/\/api.w.org\/{rel}","templated":true}]}}