{"id":9956,"date":"2022-09-23T14:13:51","date_gmt":"2022-09-23T12:13:51","guid":{"rendered":"https:\/\/www.agrarinfo.ch\/impressum-fr\/"},"modified":"2022-10-03T19:00:31","modified_gmt":"2022-10-03T17:00:31","slug":"impressum-de","status":"publish","type":"page","link":"https:\/\/www.agrarinfo.ch\/de\/impressum-de\/","title":{"rendered":"Impressum"},"content":{"rendered":"<!--themify_builder_content-->\n<div id=\"themify_builder_content-9956\" data-postid=\"9956\" class=\"themify_builder_content themify_builder_content-9956 themify_builder tf_clear\">\n    \t\t\t\t<!-- module_row -->\n\t\t<div  data-lazy=\"1\" class=\"module_row themify_builder_row tb_8vjy717 tb_first tf_w tf_clearfix\">\n\t\t\t\t\t<div class=\"row_inner col_align_top tb_col_count_1 tf_box tf_rel\">\n\t\t\t\t\t<div  data-lazy=\"1\" class=\"module_column tb-column col-full tb_99ac718 first\">\n\t\t\t\t\t\t\t\t\t<div class=\"tb-column-inner tf_box tf_w\">\n\t\t\t\t<!-- module text -->\n<div  class=\"module module-text tb_ftm6435   \" data-lazy=\"1\">\n    <h3 class=\"module-title\">Impressum<\/h3>    <div  class=\"tb_text_wrap\">\n    <p>Betreiber und Gestalter dieses Webauftritts ist agrarinfo.ch<br \/>Route de Crans 20<br \/>1298 C\u00e9ligny<\/p>\n<p>contact [at] agrarinfo [punkt] ch<br \/>Telefon: +41 (0)79 226 3344<\/p>\n<p>Handelsregister (GE) Firmennummer: CHE-406.294.032<br \/>Gesch\u00e4ftsf\u00fchrerin: Christine H\u00fcrlimann<\/p>    <\/div>\n<\/div>\n<!-- \/module text -->\t\t\t\t<\/div><!-- .tb-column-inner -->\n\t\t\t\t\t\t<\/div><!-- .module_column -->\n\t\t\t\t\t\t<\/div><!-- .row_inner -->\n\t\t<\/div><!-- .module_row -->\n\t\t\t\t\t\t\t\t<!-- module_row -->\n\t\t<div  data-lazy=\"1\" class=\"module_row themify_builder_row tb_33at857 tf_w tf_clearfix\">\n\t\t\t\t\t<div class=\"row_inner col_align_top tb_col_count_1 tf_box tf_rel\">\n\t\t\t\t\t<div  data-lazy=\"1\" class=\"module_column tb-column col-full tb_o8wx858 first\">\n\t\t\t\t\t\t\t\t\t<div class=\"tb-column-inner tf_box tf_w\">\n\t\t\t\t<!-- module text -->\n<div  class=\"module module-text tb_zlnp221   \" data-lazy=\"1\">\n    <h3 class=\"module-title\">Datenschutz<\/h3>    <div  class=\"tb_text_wrap\">\n    <p>Unsere Webseite ist bei <a href=\"https:\/\/www.infomaniak.com\/\" target=\"_blank\" rel=\"noopener\">infomaniak<\/a> gehostet.<br \/>Der Datenaustausch erfolgt \u00fcber verschl\u00fcsseltes FTP (File Transfer Protocol)<br \/>Aus datenschutzrechtlichen Gr\u00fcnden haben wir Google Analytics auf agrarinfo.ch deaktiviert.<br \/>Wenn Sie sich f\u00fcr den agrarinfo.ch-Newsletter einschreiben wird Ihre Email-Adresse in eine separate Datenbank aufgenommen. Sie k\u00f6nnen die Zustellung jederzeit abbestellen.<br \/>Ihre uns zug\u00e4nglichen pers\u00f6nliche Daten werden vertraulich behandelt und weder an Dritte verkauft noch weiter gegeben.<\/p>    <\/div>\n<\/div>\n<!-- \/module text -->\t\t\t\t<\/div><!-- .tb-column-inner -->\n\t\t\t\t\t\t<\/div><!-- .module_column -->\n\t\t\t\t\t\t<\/div><!-- .row_inner -->\n\t\t<\/div><!-- .module_row -->\n\t\t\t\t\t\t\t\t<!-- module_row -->\n\t\t<div  data-lazy=\"1\" class=\"module_row themify_builder_row tb_3tuj367 tf_w tf_clearfix\">\n\t\t\t\t\t<div class=\"row_inner col_align_top tb_col_count_1 tf_box tf_rel\">\n\t\t\t\t\t<div  data-lazy=\"1\" class=\"module_column tb-column col-full tb_ng9v369 first\">\n\t\t\t\t\t\t\t\t\t<div class=\"tb-column-inner tf_box tf_w\">\n\t\t\t\t<!-- module text -->\n<div  class=\"module module-text tb_08js852   \" data-lazy=\"1\">\n    <h3 class=\"module-title\">Droits d'auteur<\/h3>    <div  class=\"tb_text_wrap\">\n    <p>Agrarinfo.ch besitzt das Urheberrecht der meisten Texte und ein Nutzungsrecht an den \u00fcbrigen. Die Verwendung der auf dieser Website ver\u00f6ffentlichten Bilder und Texte bedarf der vorherigen schriftlichen Genehmigung von agrarinfo.ch und muss unter Angabe der Urheberrechte erfolgen. Bitte schreiben Sie uns eine E-Mail an contact [at] agrarinfo [point] ch, wenn Sie unser Logo, Bilder oder einen Text verwenden m\u00f6chten.\u00a0<\/p>\n<p><strong>Bilder<\/strong>:\u00a0 Die Bilder, die nicht unsere eigenen sind, stammen von <a href=\"https:\/\/pixabay.com\/\">https:\/\/pixabay.com\/<\/a>,\u00a0\u00a0<a href=\"https:\/\/unsplash.com\/\">https:\/\/unsplash.com\/<\/a> \u00a0oder <a href=\"https:\/\/wikimedia.org\/\">https:\/\/wikimedia.org<\/a>.\u00a0 Wo immer es technisch m\u00f6glich ist, ist die Quelle angegeben.<\/p>\n<p><strong>Die auf dieser Webseite verwendeten Symbole: <\/strong>&#8222;Environment&#8220; by <a href=\"https:\/\/thenounproject.com\/iconixar\/\" target=\"thenounproject\">iconixar<\/a>, &#8222;Farm animal&#8220; by <a href=\"https:\/\/thenounproject.com\/Maludk\/\" target=\"thenounproject\">Laymik<\/a> , &#8222;Ferile Soil&#8220; by <a href=\"https:\/\/thenounproject.com\/smashicons\/\" target=\"thenounproject\">Ben Davis<\/a> , &#8222;climate&#8220; by <a href=\"https:\/\/thenounproject.com\/eucalyp\/\" target=\"thenounproject\">Eucalyp<\/a>, &#8222;Agriculture&#8220; by <a href=\"https:\/\/thenounproject.com\/vectorspoint\/\" target=\"thenounproject\">Vectors Point<\/a> , &#8222;Healthy food&#8220; by <a href=\"https:\/\/thenounproject.com\/bymasha\/\" target=\"thenounproject\">Maria Kislitsina<\/a> , &#8222;Brain&#8220; by <a href=\"https:\/\/thenounproject.com\/mnhendricks11\/\" target=\"thenounproject\">Meaghan Hendricks<\/a> , &#8222;Solidarity&#8220; by <a href=\"https:\/\/thenounproject.com\/smalllike\/\" target=\"thenounproject\">Smalllike<\/a>, &#8222;Society&#8220; by <a href=\"https:\/\/thenounproject.com\/\" target=\"thenounproject\">Sumit Saengthong<\/a>, &#8222;Healthy&#8220; by <a href=\"https:\/\/thenounproject.com\/llisole\/\" target=\"thenounproject\">Llisole<\/a>, &#8222;economy&#8220; by <a href=\"https:\/\/thenounproject.com\/ic2icon\/\" target=\"thenounproject\">ic2icon<\/a>, &#8222;Politics&#8220; by <a href=\"https:\/\/thenounproject.com\/noomtah\/\" target=\"thenounproject\">Nithinan Tatah<\/a>, &#8222;About&#8220; by <a href=\"https:\/\/thenounproject.com\/hrbonat\/\" target=\"thenounproject\">TTHNga<\/a><u>\u00a0\u00a0 <\/u>from Noun Project.<\/p>    <\/div>\n<\/div>\n<!-- \/module text -->\t\t\t\t<\/div><!-- .tb-column-inner -->\n\t\t\t\t\t\t<\/div><!-- .module_column -->\n\t\t\t\t\t\t<\/div><!-- .row_inner -->\n\t\t<\/div><!-- .module_row -->\n\t\t\t\t<\/div>\n<!--\/themify_builder_content-->","protected":false},"excerpt":{"rendered":"<p>Impressum Betreiber und Gestalter dieses Webauftritts ist agrarinfo.chRoute de Crans 201298 C\u00e9ligny contact [at] agrarinfo [punkt] chTelefon: +41 (0)79 226 3344 Handelsregister (GE) Firmennummer: CHE-406.294.032Gesch\u00e4ftsf\u00fchrerin: Christine H\u00fcrlimann Datenschutz Unsere Webseite ist bei infomaniak gehostet.Der Datenaustausch erfolgt \u00fcber verschl\u00fcsseltes FTP (File Transfer Protocol)Aus datenschutzrechtlichen Gr\u00fcnden haben wir Google Analytics auf agrarinfo.ch deaktiviert.Wenn Sie sich f\u00fcr den [&hellip;]<\/p>\n","protected":false},"author":8,"featured_media":0,"parent":0,"menu_order":0,"comment_status":"closed","ping_status":"closed","template":"","meta":{"footnotes":""},"class_list":["post-9956","page","type-page","status-publish","hentry","has-post-title","has-post-date","has-post-category","has-post-tag","has-post-comment","has-post-author",""],"yoast_head":"<!-- This site is optimized with the Yoast SEO plugin v23.8 - https:\/\/yoast.com\/wordpress\/plugins\/seo\/ -->\n<title>Impressum - Agrarinfo<\/title>\n<meta name=\"description\" content=\"Impressum, Datenschutz und Urheberrechte\" \/>\n<meta name=\"robots\" content=\"index, follow, max-snippet:-1, max-image-preview:large, max-video-preview:-1\" \/>\n<link rel=\"canonical\" href=\"https:\/\/www.agrarinfo.ch\/de\/impressum-de\/\" \/>\n<meta property=\"og:locale\" content=\"de_DE\" \/>\n<meta property=\"og:type\" content=\"article\" \/>\n<meta property=\"og:title\" content=\"Impressum - Agrarinfo\" \/>\n<meta property=\"og:description\" content=\"Impressum, Datenschutz und Urheberrechte\" \/>\n<meta property=\"og:url\" content=\"https:\/\/www.agrarinfo.ch\/de\/impressum-de\/\" \/>\n<meta property=\"og:site_name\" content=\"Agrarinfo\" \/>\n<meta property=\"article:publisher\" content=\"https:\/\/www.facebook.com\/agrarinfo.ch\" \/>\n<meta property=\"article:modified_time\" content=\"2022-10-03T17:00:31+00:00\" \/>\n<meta property=\"og:image\" content=\"https:\/\/www.agrarinfo.ch\/wp-content\/uploads\/sites\/2\/2021\/12\/headerAgrarInfo_665-1.jpg\" \/>\n\t<meta property=\"og:image:width\" content=\"665\" \/>\n\t<meta property=\"og:image:height\" content=\"220\" \/>\n\t<meta property=\"og:image:type\" content=\"image\/jpeg\" \/>\n<meta name=\"twitter:card\" content=\"summary_large_image\" \/>\n<meta name=\"twitter:site\" content=\"@agrar_info\" \/>\n<script type=\"application\/ld+json\" class=\"yoast-schema-graph\">{\"@context\":\"https:\/\/schema.org\",\"@graph\":[{\"@type\":\"Article\",\"@id\":\"https:\/\/www.agrarinfo.ch\/de\/impressum-de\/#article\",\"isPartOf\":{\"@id\":\"https:\/\/www.agrarinfo.ch\/de\/impressum-de\/\"},\"author\":{\"name\":\"Mireille Clavien\",\"@id\":\"https:\/\/www.agrarinfo.ch\/de\/#\/schema\/person\/42e0d9fd4066e28c76bd9e2a15aef4be\"},\"headline\":\"Impressum\",\"datePublished\":\"2022-09-23T12:13:51+00:00\",\"dateModified\":\"2022-10-03T17:00:31+00:00\",\"mainEntityOfPage\":{\"@id\":\"https:\/\/www.agrarinfo.ch\/de\/impressum-de\/\"},\"wordCount\":255,\"publisher\":{\"@id\":\"https:\/\/www.agrarinfo.ch\/de\/#organization\"},\"inLanguage\":\"de\"},{\"@type\":\"WebPage\",\"@id\":\"https:\/\/www.agrarinfo.ch\/de\/impressum-de\/\",\"url\":\"https:\/\/www.agrarinfo.ch\/de\/impressum-de\/\",\"name\":\"Impressum - Agrarinfo\",\"isPartOf\":{\"@id\":\"https:\/\/www.agrarinfo.ch\/de\/#website\"},\"datePublished\":\"2022-09-23T12:13:51+00:00\",\"dateModified\":\"2022-10-03T17:00:31+00:00\",\"description\":\"Impressum, Datenschutz und Urheberrechte\",\"breadcrumb\":{\"@id\":\"https:\/\/www.agrarinfo.ch\/de\/impressum-de\/#breadcrumb\"},\"inLanguage\":\"de\",\"potentialAction\":[{\"@type\":\"ReadAction\",\"target\":[\"https:\/\/www.agrarinfo.ch\/de\/impressum-de\/\"]}]},{\"@type\":\"BreadcrumbList\",\"@id\":\"https:\/\/www.agrarinfo.ch\/de\/impressum-de\/#breadcrumb\",\"itemListElement\":[{\"@type\":\"ListItem\",\"position\":1,\"name\":\"Accueil\",\"item\":\"https:\/\/www.agrarinfo.ch\/de\/\"},{\"@type\":\"ListItem\",\"position\":2,\"name\":\"Impressum\"}]},{\"@type\":\"WebSite\",\"@id\":\"https:\/\/www.agrarinfo.ch\/de\/#website\",\"url\":\"https:\/\/www.agrarinfo.ch\/de\/\",\"name\":\"Agrarinfo\",\"description\":\"Just another bienvu.ch site\",\"publisher\":{\"@id\":\"https:\/\/www.agrarinfo.ch\/de\/#organization\"},\"potentialAction\":[{\"@type\":\"SearchAction\",\"target\":{\"@type\":\"EntryPoint\",\"urlTemplate\":\"https:\/\/www.agrarinfo.ch\/de\/?s={search_term_string}\"},\"query-input\":{\"@type\":\"PropertyValueSpecification\",\"valueRequired\":true,\"valueName\":\"search_term_string\"}}],\"inLanguage\":\"de\"},{\"@type\":\"Organization\",\"@id\":\"https:\/\/www.agrarinfo.ch\/de\/#organization\",\"name\":\"agrarinfo.ch\",\"alternateName\":\"agrarinfo.ch\",\"url\":\"https:\/\/www.agrarinfo.ch\/de\/\",\"logo\":{\"@type\":\"ImageObject\",\"inLanguage\":\"de\",\"@id\":\"https:\/\/www.agrarinfo.ch\/de\/#\/schema\/logo\/image\/\",\"url\":\"https:\/\/www.agrarinfo.ch\/wp-content\/uploads\/sites\/2\/2024\/03\/agrarinfo_A_quadrat.jpg\",\"contentUrl\":\"https:\/\/www.agrarinfo.ch\/wp-content\/uploads\/sites\/2\/2024\/03\/agrarinfo_A_quadrat.jpg\",\"width\":1107,\"height\":1105,\"caption\":\"agrarinfo.ch\"},\"image\":{\"@id\":\"https:\/\/www.agrarinfo.ch\/de\/#\/schema\/logo\/image\/\"},\"sameAs\":[\"https:\/\/www.facebook.com\/agrarinfo.ch\",\"https:\/\/x.com\/agrar_info\",\"https:\/\/www.instagram.com\/agrarinfo.ch\/\",\"https:\/\/www.linkedin.com\/in\/agrarinfo-ch-8894342a0\/\"]},{\"@type\":\"Person\",\"@id\":\"https:\/\/www.agrarinfo.ch\/de\/#\/schema\/person\/42e0d9fd4066e28c76bd9e2a15aef4be\",\"name\":\"Mireille Clavien\",\"image\":{\"@type\":\"ImageObject\",\"inLanguage\":\"de\",\"@id\":\"https:\/\/www.agrarinfo.ch\/de\/#\/schema\/person\/image\/\",\"url\":\"https:\/\/secure.gravatar.com\/avatar\/8b397760a78a205461c36aaa45d97d530b8e3f37dc9c18a7dd80941e035c0eb7?s=96&d=mm&r=g\",\"contentUrl\":\"https:\/\/secure.gravatar.com\/avatar\/8b397760a78a205461c36aaa45d97d530b8e3f37dc9c18a7dd80941e035c0eb7?s=96&d=mm&r=g\",\"caption\":\"Mireille Clavien\"}}]}<\/script>\n<!-- \/ Yoast SEO plugin. -->","yoast_head_json":{"title":"Impressum - Agrarinfo","description":"Impressum, Datenschutz und Urheberrechte","robots":{"index":"index","follow":"follow","max-snippet":"max-snippet:-1","max-image-preview":"max-image-preview:large","max-video-preview":"max-video-preview:-1"},"canonical":"https:\/\/www.agrarinfo.ch\/de\/impressum-de\/","og_locale":"de_DE","og_type":"article","og_title":"Impressum - Agrarinfo","og_description":"Impressum, Datenschutz und Urheberrechte","og_url":"https:\/\/www.agrarinfo.ch\/de\/impressum-de\/","og_site_name":"Agrarinfo","article_publisher":"https:\/\/www.facebook.com\/agrarinfo.ch","article_modified_time":"2022-10-03T17:00:31+00:00","og_image":[{"width":665,"height":220,"url":"https:\/\/www.agrarinfo.ch\/wp-content\/uploads\/sites\/2\/2021\/12\/headerAgrarInfo_665-1.jpg","type":"image\/jpeg"}],"twitter_card":"summary_large_image","twitter_site":"@agrar_info","schema":{"@context":"https:\/\/schema.org","@graph":[{"@type":"Article","@id":"https:\/\/www.agrarinfo.ch\/de\/impressum-de\/#article","isPartOf":{"@id":"https:\/\/www.agrarinfo.ch\/de\/impressum-de\/"},"author":{"name":"Mireille Clavien","@id":"https:\/\/www.agrarinfo.ch\/de\/#\/schema\/person\/42e0d9fd4066e28c76bd9e2a15aef4be"},"headline":"Impressum","datePublished":"2022-09-23T12:13:51+00:00","dateModified":"2022-10-03T17:00:31+00:00","mainEntityOfPage":{"@id":"https:\/\/www.agrarinfo.ch\/de\/impressum-de\/"},"wordCount":255,"publisher":{"@id":"https:\/\/www.agrarinfo.ch\/de\/#organization"},"inLanguage":"de"},{"@type":"WebPage","@id":"https:\/\/www.agrarinfo.ch\/de\/impressum-de\/","url":"https:\/\/www.agrarinfo.ch\/de\/impressum-de\/","name":"Impressum - Agrarinfo","isPartOf":{"@id":"https:\/\/www.agrarinfo.ch\/de\/#website"},"datePublished":"2022-09-23T12:13:51+00:00","dateModified":"2022-10-03T17:00:31+00:00","description":"Impressum, Datenschutz und Urheberrechte","breadcrumb":{"@id":"https:\/\/www.agrarinfo.ch\/de\/impressum-de\/#breadcrumb"},"inLanguage":"de","potentialAction":[{"@type":"ReadAction","target":["https:\/\/www.agrarinfo.ch\/de\/impressum-de\/"]}]},{"@type":"BreadcrumbList","@id":"https:\/\/www.agrarinfo.ch\/de\/impressum-de\/#breadcrumb","itemListElement":[{"@type":"ListItem","position":1,"name":"Accueil","item":"https:\/\/www.agrarinfo.ch\/de\/"},{"@type":"ListItem","position":2,"name":"Impressum"}]},{"@type":"WebSite","@id":"https:\/\/www.agrarinfo.ch\/de\/#website","url":"https:\/\/www.agrarinfo.ch\/de\/","name":"Agrarinfo","description":"Just another bienvu.ch site","publisher":{"@id":"https:\/\/www.agrarinfo.ch\/de\/#organization"},"potentialAction":[{"@type":"SearchAction","target":{"@type":"EntryPoint","urlTemplate":"https:\/\/www.agrarinfo.ch\/de\/?s={search_term_string}"},"query-input":{"@type":"PropertyValueSpecification","valueRequired":true,"valueName":"search_term_string"}}],"inLanguage":"de"},{"@type":"Organization","@id":"https:\/\/www.agrarinfo.ch\/de\/#organization","name":"agrarinfo.ch","alternateName":"agrarinfo.ch","url":"https:\/\/www.agrarinfo.ch\/de\/","logo":{"@type":"ImageObject","inLanguage":"de","@id":"https:\/\/www.agrarinfo.ch\/de\/#\/schema\/logo\/image\/","url":"https:\/\/www.agrarinfo.ch\/wp-content\/uploads\/sites\/2\/2024\/03\/agrarinfo_A_quadrat.jpg","contentUrl":"https:\/\/www.agrarinfo.ch\/wp-content\/uploads\/sites\/2\/2024\/03\/agrarinfo_A_quadrat.jpg","width":1107,"height":1105,"caption":"agrarinfo.ch"},"image":{"@id":"https:\/\/www.agrarinfo.ch\/de\/#\/schema\/logo\/image\/"},"sameAs":["https:\/\/www.facebook.com\/agrarinfo.ch","https:\/\/x.com\/agrar_info","https:\/\/www.instagram.com\/agrarinfo.ch\/","https:\/\/www.linkedin.com\/in\/agrarinfo-ch-8894342a0\/"]},{"@type":"Person","@id":"https:\/\/www.agrarinfo.ch\/de\/#\/schema\/person\/42e0d9fd4066e28c76bd9e2a15aef4be","name":"Mireille Clavien","image":{"@type":"ImageObject","inLanguage":"de","@id":"https:\/\/www.agrarinfo.ch\/de\/#\/schema\/person\/image\/","url":"https:\/\/secure.gravatar.com\/avatar\/8b397760a78a205461c36aaa45d97d530b8e3f37dc9c18a7dd80941e035c0eb7?s=96&d=mm&r=g","contentUrl":"https:\/\/secure.gravatar.com\/avatar\/8b397760a78a205461c36aaa45d97d530b8e3f37dc9c18a7dd80941e035c0eb7?s=96&d=mm&r=g","caption":"Mireille Clavien"}}]}},"builder_content":"<h3>Impressum<\/h3> <p>Betreiber und Gestalter dieses Webauftritts ist agrarinfo.ch<br \/>Route de Crans 20<br \/>1298 C\u00e9ligny<\/p> <p>contact [at] agrarinfo [punkt] ch<br \/>Telefon: +41 (0)79 226 3344<\/p> <p>Handelsregister (GE) Firmennummer: CHE-406.294.032<br \/>Gesch\u00e4ftsf\u00fchrerin: Christine H\u00fcrlimann<\/p>\n<h3>Datenschutz<\/h3> <p>Unsere Webseite ist bei <a href=\"https:\/\/www.infomaniak.com\/\" target=\"_blank\" rel=\"noopener\">infomaniak<\/a> gehostet.<br \/>Der Datenaustausch erfolgt \u00fcber verschl\u00fcsseltes FTP (File Transfer Protocol)<br \/>Aus datenschutzrechtlichen Gr\u00fcnden haben wir Google Analytics auf agrarinfo.ch deaktiviert.<br \/>Wenn Sie sich f\u00fcr den agrarinfo.ch-Newsletter einschreiben wird Ihre Email-Adresse in eine separate Datenbank aufgenommen. Sie k\u00f6nnen die Zustellung jederzeit abbestellen.<br \/>Ihre uns zug\u00e4nglichen pers\u00f6nliche Daten werden vertraulich behandelt und weder an Dritte verkauft noch weiter gegeben.<\/p>\n<h3>Droits d'auteur<\/h3> <p>Agrarinfo.ch besitzt das Urheberrecht der meisten Texte und ein Nutzungsrecht an den \u00fcbrigen. Die Verwendung der auf dieser Website ver\u00f6ffentlichten Bilder und Texte bedarf der vorherigen schriftlichen Genehmigung von agrarinfo.ch und muss unter Angabe der Urheberrechte erfolgen. Bitte schreiben Sie uns eine E-Mail an contact [at] agrarinfo [point] ch, wenn Sie unser Logo, Bilder oder einen Text verwenden m\u00f6chten.\u00a0<\/p> <p><strong>Bilder<\/strong>:\u00a0 Die Bilder, die nicht unsere eigenen sind, stammen von <a href=\"https:\/\/pixabay.com\/\">https:\/\/pixabay.com\/<\/a>,\u00a0\u00a0<a href=\"https:\/\/unsplash.com\/\">https:\/\/unsplash.com\/<\/a> \u00a0oder <a href=\"https:\/\/wikimedia.org\/\">https:\/\/wikimedia.org<\/a>.\u00a0 Wo immer es technisch m\u00f6glich ist, ist die Quelle angegeben.<\/p> <p><strong>Die auf dieser Webseite verwendeten Symbole: <\/strong>\"Environment\" by <a href=\"https:\/\/thenounproject.com\/iconixar\/\" target=\"thenounproject\">iconixar<\/a>, \"Farm animal\" by <a href=\"https:\/\/thenounproject.com\/Maludk\/\" target=\"thenounproject\">Laymik<\/a> , \"Ferile Soil\" by <a href=\"https:\/\/thenounproject.com\/smashicons\/\" target=\"thenounproject\">Ben Davis<\/a> , \"climate\" by <a href=\"https:\/\/thenounproject.com\/eucalyp\/\" target=\"thenounproject\">Eucalyp<\/a>, \"Agriculture\" by <a href=\"https:\/\/thenounproject.com\/vectorspoint\/\" target=\"thenounproject\">Vectors Point<\/a> , \"Healthy food\" by <a href=\"https:\/\/thenounproject.com\/bymasha\/\" target=\"thenounproject\">Maria Kislitsina<\/a> , \"Brain\" by <a href=\"https:\/\/thenounproject.com\/mnhendricks11\/\" target=\"thenounproject\">Meaghan Hendricks<\/a> , \"Solidarity\" by <a href=\"https:\/\/thenounproject.com\/smalllike\/\" target=\"thenounproject\">Smalllike<\/a>, \"Society\" by <a href=\"https:\/\/thenounproject.com\/\" target=\"thenounproject\">Sumit Saengthong<\/a>, \"Healthy\" by <a href=\"https:\/\/thenounproject.com\/llisole\/\" target=\"thenounproject\">Llisole<\/a>, \"economy\" by <a href=\"https:\/\/thenounproject.com\/ic2icon\/\" target=\"thenounproject\">ic2icon<\/a>, \"Politics\" by <a href=\"https:\/\/thenounproject.com\/noomtah\/\" target=\"thenounproject\">Nithinan Tatah<\/a>, \"About\" by <a href=\"https:\/\/thenounproject.com\/hrbonat\/\" target=\"thenounproject\">TTHNga<\/a><u>\u00a0\u00a0 <\/u>from Noun Project.<\/p>","_links":{"self":[{"href":"https:\/\/www.agrarinfo.ch\/de\/wp-json\/wp\/v2\/pages\/9956","targetHints":{"allow":["GET"]}}],"collection":[{"href":"https:\/\/www.agrarinfo.ch\/de\/wp-json\/wp\/v2\/pages"}],"about":[{"href":"https:\/\/www.agrarinfo.ch\/de\/wp-json\/wp\/v2\/types\/page"}],"author":[{"embeddable":true,"href":"https:\/\/www.agrarinfo.ch\/de\/wp-json\/wp\/v2\/users\/8"}],"replies":[{"embeddable":true,"href":"https:\/\/www.agrarinfo.ch\/de\/wp-json\/wp\/v2\/comments?post=9956"}],"version-history":[{"count":10,"href":"https:\/\/www.agrarinfo.ch\/de\/wp-json\/wp\/v2\/pages\/9956\/revisions"}],"predecessor-version":[{"id":10622,"href":"https:\/\/www.agrarinfo.ch\/de\/wp-json\/wp\/v2\/pages\/9956\/revisions\/10622"}],"wp:attachment":[{"href":"https:\/\/www.agrarinfo.ch\/de\/wp-json\/wp\/v2\/media?parent=9956"}],"curies":[{"name":"wp","href":"https:\/\/api.w.org\/{rel}","templated":true}]}}